{"id":948,"date":"2023-12-21T09:29:46","date_gmt":"2023-12-21T09:29:46","guid":{"rendered":"https:\/\/gattnau.com\/producto\/gorra-vintage-no-puc-mes\/"},"modified":"2026-03-26T16:51:26","modified_gmt":"2026-03-26T16:51:26","slug":"gorra-vintage-no-puc-mes-burdeos","status":"publish","type":"product","link":"https:\/\/gattnau.com\/cat\/producte\/gorra-vintage-no-puc-mes-burdeos\/","title":{"rendered":"GORRA NO PUC M\u00c9S VINTAGE BORDEUS"},"content":{"rendered":"<div data-elementor-type=\"product-post\" data-elementor-id=\"948\" class=\"elementor elementor-948\" data-elementor-post-type=\"product\">\n\t\t\t\t<div class=\"elementor-element elementor-element-104315b6 e-flex e-con-boxed e-con e-parent\" data-id=\"104315b6\" data-element_type=\"container\">\n\t\t\t\t\t<div class=\"e-con-inner\">\n\t\t\t\t<div class=\"elementor-element elementor-element-3b6e6779 elementor-widget elementor-widget-text-editor\" data-id=\"3b6e6779\" data-element_type=\"widget\" data-widget_type=\"text-editor.default\">\n\t\t\t\t<div class=\"elementor-widget-container\">\n\t\t\t\t\t\t\t\t\t<h2><strong>\ud83d\udc51\u200b Bordeus Edition, la que mai passa de moda.<\/strong><\/h2><p class=\"\" data-start=\"1660\" data-end=\"2054\">La primera edici\u00f3 que va conquistar la nostra comunitat amb el seu color bordeus vintage, la gorra que diu tot el que de vegades no t'atreveixes a dir.<br data-start=\"1778\" data-end=\"1781\" \/>Aquest \u00e9s el cl\u00e0ssic que va arrasar i continua sent el crit silenci\u00f3s de tots els que no tenen por de ser reals. Aquesta gorra t\u00e9 hist\u00f2ria, actitud i un estil que mai no passa de moda. I si la vida et porta al l\u00edmit, almenys fes-ho amb aquesta gorra que crida \u201c<em data-start=\"2040\" data-end=\"2052\">No puc m\u00e9s<\/em>\u201d.<\/p><p data-start=\"1660\" data-end=\"2054\">\u00a0<\/p><hr class=\"\" data-start=\"2056\" data-end=\"2059\" \/><h3 data-start=\"2061\" data-end=\"2085\">\u00a0<\/h3><h3 class=\"\" data-start=\"2061\" data-end=\"2085\"><strong>\ud83d\udce6 Detalls t\u00e8cnics<\/strong><\/h3><p>\u00a0<\/p><ul data-start=\"2087\" data-end=\"2279\"><li class=\"\" data-start=\"2087\" data-end=\"2112\"><p class=\"\" data-start=\"2089\" data-end=\"2112\"><strong>Color<\/strong>: Bordeus intens.<\/p><\/li><li class=\"\" data-start=\"2113\" data-end=\"2167\"><p class=\"\" data-start=\"2115\" data-end=\"2167\">Brodat frontal: \u201cNo puc m\u00e9s\u201d brodat a <strong>fil blanc.<\/strong><\/p><\/li><li class=\"\" data-start=\"2168\" data-end=\"2192\"><p class=\"\" data-start=\"2170\" data-end=\"2192\">Ajustable. Talla \u00fanica. Sivella del darrere met\u00e0l\u00b7lica.<\/p><\/li><li data-start=\"2168\" data-end=\"2192\">\u00a0<\/li><\/ul><hr class=\"\" data-start=\"2281\" data-end=\"2284\" \/><h3 data-start=\"2286\" data-end=\"2318\">\u00a0<\/h3><h3 class=\"\" data-start=\"2286\" data-end=\"2318\"><strong>\ud83e\uddf2 Per qu\u00e8 la voldr\u00e0s?<\/strong><\/h3><p>\u00a0<\/p><ul data-start=\"2320\" data-end=\"2548\"><li class=\"\" data-start=\"2320\" data-end=\"2385\"><p class=\"\" data-start=\"2322\" data-end=\"2385\">Perqu\u00e8 aquesta gorra \u00e9s el cl\u00e0ssic que mai no es quedar\u00e0 enrere.<\/p><\/li><li class=\"\" data-start=\"2386\" data-end=\"2448\"><p class=\"\" data-start=\"2388\" data-end=\"2448\">Perqu\u00e8 sempre se'ns esgota i triguem a reposar-la.<\/p><\/li><li data-start=\"2386\" data-end=\"2448\">Perqu\u00e8 fan que qualsevol outfit et quedi de bojos.<\/li><\/ul><p>\u00a0<\/p><p class=\"\" data-start=\"2576\" data-end=\"2742\">\u00a0<\/p>\t\t\t\t\t\t\t\t<\/div>\n\t\t\t\t<\/div>\n\t\t\t\t\t<\/div>\n\t\t\t\t<\/div>\n\t\t\t\t<\/div>","protected":false},"excerpt":{"rendered":"<p>\ud83d\udc51\u200b Burdeos Edition, la que nunca pasa de moda. La primera edici\u00f3n que conquist\u00f3 a nuestra comunidad con su color burdeos vintage, la gorra que dice todo lo que a veces no te atreves a decir.Este es el cl\u00e1sico que arras\u00f3, y sigue siendo el grito silencioso de todos los que no tienen miedo de [&hellip;]<\/p>","protected":false},"featured_media":25232,"template":"","meta":{"_monsterinsights_skip_tracking":false,"_monsterinsights_sitenote_active":false,"_monsterinsights_sitenote_note":"","_monsterinsights_sitenote_category":0,"_uf_show_specific_survey":0,"_uf_disable_surveys":false},"product_brand":[],"product_cat":[19],"product_tag":[],"class_list":{"0":"post-948","1":"product","2":"type-product","3":"status-publish","4":"has-post-thumbnail","6":"product_cat-gorras","8":"first","9":"outofstock","10":"taxable","11":"shipping-taxable","12":"purchasable","13":"product-type-simple"},"composite_virtual":false,"composite_layout":"","composite_add_to_cart_form_location":"","composite_editable_in_cart":false,"composite_sold_individually_context":"","composite_shop_price_calc":"","composite_components":[],"composite_scenarios":[],"_links":{"self":[{"href":"https:\/\/gattnau.com\/cat\/wp-json\/wp\/v2\/product\/948","targetHints":{"allow":["GET"]}}],"collection":[{"href":"https:\/\/gattnau.com\/cat\/wp-json\/wp\/v2\/product"}],"about":[{"href":"https:\/\/gattnau.com\/cat\/wp-json\/wp\/v2\/types\/product"}],"version-history":[{"count":9,"href":"https:\/\/gattnau.com\/cat\/wp-json\/wp\/v2\/product\/948\/revisions"}],"predecessor-version":[{"id":25076,"href":"https:\/\/gattnau.com\/cat\/wp-json\/wp\/v2\/product\/948\/revisions\/25076"}],"wp:featuredmedia":[{"embeddable":true,"href":"https:\/\/gattnau.com\/cat\/wp-json\/wp\/v2\/media\/25232"}],"wp:attachment":[{"href":"https:\/\/gattnau.com\/cat\/wp-json\/wp\/v2\/media?parent=948"}],"wp:term":[{"taxonomy":"product_brand","embeddable":true,"href":"https:\/\/gattnau.com\/cat\/wp-json\/wp\/v2\/product_brand?post=948"},{"taxonomy":"product_cat","embeddable":true,"href":"https:\/\/gattnau.com\/cat\/wp-json\/wp\/v2\/product_cat?post=948"},{"taxonomy":"product_tag","embeddable":true,"href":"https:\/\/gattnau.com\/cat\/wp-json\/wp\/v2\/product_tag?post=948"}],"curies":[{"name":"wp","href":"https:\/\/api.w.org\/{rel}","templated":true}]}}