{"id":25931,"date":"2026-02-09T10:53:17","date_gmt":"2026-02-09T10:53:17","guid":{"rendered":"https:\/\/gattnau.com\/?post_type=product&#038;p=25931"},"modified":"2026-02-10T09:20:03","modified_gmt":"2026-02-10T09:20:03","slug":"pack-especial-no-puc-mes-malaje","status":"publish","type":"product","link":"https:\/\/gattnau.com\/cat\/producte\/pack-especial-no-puc-mes-malaje\/","title":{"rendered":"Pack invierno especial"},"content":{"rendered":"<p>Pack especial que no se repite. Si has llegado a este enlace es porque has tenido suerte y has visto la stories especiales.<\/p>\n<p>Solo hay 4 packs disponibles, si todav\u00eda puedes hacer clic en el bot\u00f3n de compra est\u00e1s de suerte.<\/p>\n<p>Nuestras gorras m\u00e1s top en pack.<\/p>","protected":false},"excerpt":{"rendered":"<p>Pack especial que no se repite. Si has llegado a este enlace es porque has tenido suerte y has visto la stories especiales.<\/p>\n<p>Solo hay 4 packs disponibles, si todav\u00eda puedes hacer clic en el bot\u00f3n de compra est\u00e1s de suerte.<\/p>\n<p>Nuestras gorras m\u00e1s top en pack.<\/p>","protected":false},"featured_media":25960,"template":"","meta":{"_monsterinsights_skip_tracking":false,"_monsterinsights_sitenote_active":false,"_monsterinsights_sitenote_note":"","_monsterinsights_sitenote_category":0,"_uf_show_specific_survey":0,"_uf_disable_surveys":false},"product_brand":[],"product_cat":[19],"product_tag":[],"class_list":{"0":"post-25931","1":"product","2":"type-product","3":"status-publish","4":"has-post-thumbnail","6":"product_cat-gorras","8":"first","9":"instock","10":"sale","11":"taxable","12":"shipping-taxable","13":"purchasable","14":"product-type-simple"},"composite_virtual":false,"composite_layout":"","composite_add_to_cart_form_location":"","composite_editable_in_cart":false,"composite_sold_individually_context":"","composite_shop_price_calc":"","composite_components":[],"composite_scenarios":[],"_links":{"self":[{"href":"https:\/\/gattnau.com\/cat\/wp-json\/wp\/v2\/product\/25931","targetHints":{"allow":["GET"]}}],"collection":[{"href":"https:\/\/gattnau.com\/cat\/wp-json\/wp\/v2\/product"}],"about":[{"href":"https:\/\/gattnau.com\/cat\/wp-json\/wp\/v2\/types\/product"}],"version-history":[{"count":4,"href":"https:\/\/gattnau.com\/cat\/wp-json\/wp\/v2\/product\/25931\/revisions"}],"predecessor-version":[{"id":25961,"href":"https:\/\/gattnau.com\/cat\/wp-json\/wp\/v2\/product\/25931\/revisions\/25961"}],"wp:featuredmedia":[{"embeddable":true,"href":"https:\/\/gattnau.com\/cat\/wp-json\/wp\/v2\/media\/25960"}],"wp:attachment":[{"href":"https:\/\/gattnau.com\/cat\/wp-json\/wp\/v2\/media?parent=25931"}],"wp:term":[{"taxonomy":"product_brand","embeddable":true,"href":"https:\/\/gattnau.com\/cat\/wp-json\/wp\/v2\/product_brand?post=25931"},{"taxonomy":"product_cat","embeddable":true,"href":"https:\/\/gattnau.com\/cat\/wp-json\/wp\/v2\/product_cat?post=25931"},{"taxonomy":"product_tag","embeddable":true,"href":"https:\/\/gattnau.com\/cat\/wp-json\/wp\/v2\/product_tag?post=25931"}],"curies":[{"name":"wp","href":"https:\/\/api.w.org\/{rel}","templated":true}]}}