{"id":25671,"date":"2025-12-02T21:49:46","date_gmt":"2025-12-02T21:49:46","guid":{"rendered":"https:\/\/gattnau.com\/?post_type=product&#038;p=25671"},"modified":"2025-12-10T09:26:41","modified_gmt":"2025-12-10T09:26:41","slug":"gorra-cruda-stress","status":"publish","type":"product","link":"https:\/\/gattnau.com\/cat\/producte\/gorra-cruda-stress\/","title":{"rendered":"Gorra Cruda Stress"},"content":{"rendered":"<p data-start=\"178\" data-end=\"303\">Hi ha gorres per tapar el sol.<br data-start=\"207\" data-end=\"210\" \/>I despr\u00e9s hi \u00e9s <strong data-start=\"223\" data-end=\"233\">STRESS<\/strong>, que tapa el fet que est\u00e0s vivint a <em data-start=\"278\" data-end=\"291\">mode sprint<\/em> des del 2019.<\/p>\n<p data-start=\"305\" data-end=\"506\">Rosa empolsat, suau, mon\u00edssima\u2026<br data-start=\"337\" data-end=\"340\" \/><strong data-start=\"340\" data-end=\"388\">Com tu quan fingeixes estabilitat emocional.<\/strong><\/p>\n<p data-start=\"508\" data-end=\"522\">Perfecta per a:<\/p>\n<ul data-start=\"523\" data-end=\"769\">\n<li data-start=\"523\" data-end=\"566\">\n<p data-start=\"525\" data-end=\"566\">Fer-te la interessant a l'aeroport.<\/p>\n<\/li>\n<li data-start=\"567\" data-end=\"624\">\n<p data-start=\"569\" data-end=\"624\">Sobreviure a reunions que podrien haver estat un mail.<\/p>\n<\/li>\n<li data-start=\"700\" data-end=\"769\">\n<p data-start=\"702\" data-end=\"769\">Tapar els cabells bruts perqu\u00e8 dem\u00e0 d'hora vas al gim.<\/p>\n<\/li>\n<\/ul>\n<p data-start=\"771\" data-end=\"961\">Porta-la quan tinguis mil coses al cap, inclosa la por que et preguntin:<br data-start=\"854\" data-end=\"857\" \/><strong data-start=\"857\" data-end=\"878\">\u201cCom est\u00e0s?\u201d<\/strong><br data-start=\"878\" data-end=\"881\" \/>Que ja sabem que aquesta pregunta activa un <em data-start=\"923\" data-end=\"940\">Excel emocional<\/em> que ning\u00fa ha demanat.<\/p>\n<p data-start=\"1070\" data-end=\"1157\">Ideal per a tu, icona multitask, que fas malabars amb tot excepte els teus nervis.<\/p>\n<p data-start=\"1159\" data-end=\"1211\" data-is-last-node=\"\" data-is-only-node=\"\"><strong>I per si se t'oblida.<\/strong><br \/>\n<strong>Ets \u00fanica a la teva esp\u00e8cie, agafa un ase, un gat, i deixa el Stress en un lloc molt molt lluny\u00e0.<\/strong><\/p>\n<p>______________________<\/p>\n<p data-start=\"664\" data-end=\"747\">Color: rosa.<br data-start=\"686\" data-end=\"689\" \/>Brodat: verd \u00e0cid, com la teva paci\u00e8ncia quan s'evapora.<\/p>\n<p data-start=\"749\" data-end=\"1007\"><strong data-start=\"749\" data-end=\"863\">Per a qui va amb la vida a marxes for\u00e7ades i tot i aix\u00ed somriu (per\u00f2 per dins est\u00e0 en mode Windows carregant).<\/strong><br data-start=\"863\" data-end=\"866\" \/>Ideal si la teva marca personal ara mateix \u00e9s: <em data-start=\"909\" data-end=\"940\">\u201cNo em parlis abans del caf\u00e8\u201d<\/em>, <em data-start=\"942\" data-end=\"965\">\u201cEstic b\u00e9, suposo\u201d<\/em> o <em data-start=\"968\" data-end=\"1006\">\u201c\u00c9s clar que puc amb tot (mentida)\u201d<\/em>.<\/p>\n<p data-start=\"1009\" data-end=\"1140\">\u2714 Edici\u00f3 limitada<br data-start=\"1027\" data-end=\"1030\" \/>\u2714 100% cot\u00f3 suau<br data-start=\"1050\" data-end=\"1053\" \/>\u2714 Ajustable<br data-start=\"1064\" data-end=\"1067\" \/>\u2714 Perfecta per a reunions, aeroports i crisis existencials de butxaca<\/p>\n<p data-start=\"1009\" data-end=\"1140\">","protected":false},"excerpt":{"rendered":"<p>Hay gorras para tapar el sol.Y luego est\u00e1 STRESS, que tapa el hecho de que est\u00e1s viviendo en modo sprint desde 2019. Rosa empolvado, suave, mon\u00edsima\u2026Como t\u00fa cuando finges estabilidad emocional. Perfecta para: Hacerte la interesante en el aeropuerto. Sobrevivir a reuniones que podr\u00edan haber sido un mail. Tapar el pelo sucio porque ma\u00f1ana temprano [&hellip;]<\/p>","protected":false},"featured_media":25643,"template":"","meta":{"_monsterinsights_skip_tracking":false,"_monsterinsights_sitenote_active":false,"_monsterinsights_sitenote_note":"","_monsterinsights_sitenote_category":0,"_uf_show_specific_survey":0,"_uf_disable_surveys":false},"product_brand":[],"product_cat":[15],"product_tag":[],"class_list":{"0":"post-25671","1":"product","2":"type-product","3":"status-publish","4":"has-post-thumbnail","6":"product_cat-sin-categorizar","8":"first","9":"outofstock","10":"taxable","11":"shipping-taxable","12":"purchasable","13":"product-type-simple"},"composite_virtual":false,"composite_layout":"","composite_add_to_cart_form_location":"","composite_editable_in_cart":false,"composite_sold_individually_context":"","composite_shop_price_calc":"","composite_components":[],"composite_scenarios":[],"_links":{"self":[{"href":"https:\/\/gattnau.com\/cat\/wp-json\/wp\/v2\/product\/25671","targetHints":{"allow":["GET"]}}],"collection":[{"href":"https:\/\/gattnau.com\/cat\/wp-json\/wp\/v2\/product"}],"about":[{"href":"https:\/\/gattnau.com\/cat\/wp-json\/wp\/v2\/types\/product"}],"version-history":[{"count":6,"href":"https:\/\/gattnau.com\/cat\/wp-json\/wp\/v2\/product\/25671\/revisions"}],"predecessor-version":[{"id":25799,"href":"https:\/\/gattnau.com\/cat\/wp-json\/wp\/v2\/product\/25671\/revisions\/25799"}],"wp:featuredmedia":[{"embeddable":true,"href":"https:\/\/gattnau.com\/cat\/wp-json\/wp\/v2\/media\/25643"}],"wp:attachment":[{"href":"https:\/\/gattnau.com\/cat\/wp-json\/wp\/v2\/media?parent=25671"}],"wp:term":[{"taxonomy":"product_brand","embeddable":true,"href":"https:\/\/gattnau.com\/cat\/wp-json\/wp\/v2\/product_brand?post=25671"},{"taxonomy":"product_cat","embeddable":true,"href":"https:\/\/gattnau.com\/cat\/wp-json\/wp\/v2\/product_cat?post=25671"},{"taxonomy":"product_tag","embeddable":true,"href":"https:\/\/gattnau.com\/cat\/wp-json\/wp\/v2\/product_tag?post=25671"}],"curies":[{"name":"wp","href":"https:\/\/api.w.org\/{rel}","templated":true}]}}