{"id":256,"date":"2023-10-19T17:07:23","date_gmt":"2023-10-19T17:07:23","guid":{"rendered":"https:\/\/gattnau.com\/producto\/gorra-de-pana-gilda-power-camel\/"},"modified":"2025-12-05T15:07:05","modified_gmt":"2025-12-05T15:07:05","slug":"gorra-de-pana-gilda-power-camel","status":"publish","type":"product","link":"https:\/\/gattnau.com\/cat\/producte\/gorra-de-pana-gilda-power-camel\/","title":{"rendered":"GORRA GILDITA POWER PANA CAMEL"},"content":{"rendered":"<p>Si et cansa la monotonia m\u00e9s que la Shakira tenim la gorra perfecta. Una <strong>gorra de pana camel<\/strong> amb la Gilda Power.<\/p>\n<p>Una gorra feta de pana? S\u00ed rotund. Aquesta gorra et durar\u00e0 m\u00e9s que la foto de comuni\u00f3 a casa de la teva mare. El teixit de pana \u00e9s m\u00e9s resistent que un Nokia amb el joc de la serp.<\/p>\n<p>M\u00e9s suau que uns llen\u00e7ols acabats de rentar.<\/p>\n<p>La fabricaci\u00f3 d'aquesta gorra \u00e9s m\u00e9s lenta, perqu\u00e8 \u00e9s m\u00e9s dif\u00edcil, per aix\u00f2 quan compres la gorra l'enviament triga una mica m\u00e9s, per\u00f2 cap temps no \u00e9s perdut si t'arriba semblant barbaritat a casa.<\/p>\n<p>&nbsp;<\/p>","protected":false},"excerpt":{"rendered":"<p>Si et cansa la monotonia m\u00e9s que la Shakira tenim la gorra perfecta. Una <strong>gorra de pana camel<\/strong> amb la Gilda Power.<\/p>\n<p>Una gorra feta de pana? S\u00ed rotund. Aquesta gorra et durar\u00e0 m\u00e9s que la foto de comuni\u00f3 a casa de la teva mare. El teixit de pana \u00e9s m\u00e9s resistent que un Nokia amb el joc de la serp.<\/p>\n<p>M\u00e9s suau que uns llen\u00e7ols acabats de rentar.<\/p>\n<p>La fabricaci\u00f3 d'aquesta gorra \u00e9s m\u00e9s lenta, perqu\u00e8 \u00e9s m\u00e9s dif\u00edcil, per aix\u00f2 quan compres la gorra l'enviament triga una mica m\u00e9s, per\u00f2 cap temps no \u00e9s perdut si t'arriba semblant barbaritat a casa.<\/p>\n<p>&nbsp;<\/p>\n<p>Si tienes dudas puedes escribirnos a hola@gattnau.com<\/p>\n<p>Si quieres comprar la gorra de pana camel Gilda Power esto te interesa:<\/p>\n<p>\u2022 Pana 100% algod\u00f3n.<br \/>\n\u2022 Corona suave y no estructurada.<br \/>\n\u2022 Cintas y banda de absorci\u00f3n de sudor en sarga de algod\u00f3n.<br \/>\n\u2022 Hebilla ajustable.<\/p>","protected":false},"featured_media":25581,"template":"","meta":{"_monsterinsights_skip_tracking":false,"_monsterinsights_sitenote_active":false,"_monsterinsights_sitenote_note":"","_monsterinsights_sitenote_category":0,"_uf_show_specific_survey":0,"_uf_disable_surveys":false},"product_brand":[],"product_cat":[19,45],"product_tag":[],"class_list":{"0":"post-256","1":"product","2":"type-product","3":"status-publish","4":"has-post-thumbnail","6":"product_cat-gorras","7":"product_cat-gorras-de-pana","9":"first","10":"instock","11":"taxable","12":"shipping-taxable","13":"purchasable","14":"product-type-simple"},"composite_virtual":false,"composite_layout":"","composite_add_to_cart_form_location":"","composite_editable_in_cart":false,"composite_sold_individually_context":"","composite_shop_price_calc":"","composite_components":[],"composite_scenarios":[],"_links":{"self":[{"href":"https:\/\/gattnau.com\/cat\/wp-json\/wp\/v2\/product\/256","targetHints":{"allow":["GET"]}}],"collection":[{"href":"https:\/\/gattnau.com\/cat\/wp-json\/wp\/v2\/product"}],"about":[{"href":"https:\/\/gattnau.com\/cat\/wp-json\/wp\/v2\/types\/product"}],"version-history":[{"count":3,"href":"https:\/\/gattnau.com\/cat\/wp-json\/wp\/v2\/product\/256\/revisions"}],"predecessor-version":[{"id":23878,"href":"https:\/\/gattnau.com\/cat\/wp-json\/wp\/v2\/product\/256\/revisions\/23878"}],"wp:featuredmedia":[{"embeddable":true,"href":"https:\/\/gattnau.com\/cat\/wp-json\/wp\/v2\/media\/25581"}],"wp:attachment":[{"href":"https:\/\/gattnau.com\/cat\/wp-json\/wp\/v2\/media?parent=256"}],"wp:term":[{"taxonomy":"product_brand","embeddable":true,"href":"https:\/\/gattnau.com\/cat\/wp-json\/wp\/v2\/product_brand?post=256"},{"taxonomy":"product_cat","embeddable":true,"href":"https:\/\/gattnau.com\/cat\/wp-json\/wp\/v2\/product_cat?post=256"},{"taxonomy":"product_tag","embeddable":true,"href":"https:\/\/gattnau.com\/cat\/wp-json\/wp\/v2\/product_tag?post=256"}],"curies":[{"name":"wp","href":"https:\/\/api.w.org\/{rel}","templated":true}]}}