{"id":25594,"date":"2025-11-25T10:19:29","date_gmt":"2025-11-25T10:19:29","guid":{"rendered":"https:\/\/gattnau.com\/?post_type=product&#038;p=25594"},"modified":"2025-11-25T10:20:46","modified_gmt":"2025-11-25T10:20:46","slug":"terracotta-nfc","status":"publish","type":"product","link":"https:\/\/gattnau.com\/cat\/producte\/terracotta-nfc\/","title":{"rendered":"TERRACOTTA NFC"},"content":{"rendered":"<p data-start=\"206\" data-end=\"268\"><strong data-start=\"206\" data-end=\"268\">El teu estil. La teva m\u00fasica. La teva hist\u00f2ria. Tot en una sola gorra.<\/strong><\/p>\n<p data-start=\"270\" data-end=\"537\">La <strong data-start=\"273\" data-end=\"292\">TERRACOTTA NFC<\/strong> no \u00e9s una gorra: \u00e9s una declaraci\u00f3 d\u00b4intencions amb un superpoder amagat.<br data-start=\"372\" data-end=\"375\" \/>El seu disseny en to terra, el pegat brodat i l'estructura ferma ja criden l'atenci\u00f3\u2026 per\u00f2 el que la converteix en <em data-start=\"492\" data-end=\"503\">una altra lliga<\/em> \u00e9s la seva <strong data-start=\"510\" data-end=\"536\">etiqueta NFC integrada<\/strong>.<\/p>\n<p data-start=\"539\" data-end=\"729\">Apropa el teu m\u00f2bil i s'obre all\u00f2 que tu vulguis:<br data-start=\"583\" data-end=\"586\" \/>el teu playlist, un v\u00eddeo de youtube per sorprendre alg\u00fa o la teva can\u00e7\u00f3 FAV.<br data-start=\"677\" data-end=\"680\" \/><strong data-start=\"680\" data-end=\"729\">\u00c9s la teva gorra, per\u00f2 tamb\u00e9 el teu codi personal.<\/strong><\/p>\n<h3 data-start=\"731\" data-end=\"764\"><strong data-start=\"735\" data-end=\"762\">Per qu\u00e8 et flipar\u00e0:<\/strong><\/h3>\n<ul data-start=\"765\" data-end=\"1078\">\n<li data-start=\"765\" data-end=\"811\">\n<p data-start=\"767\" data-end=\"811\">Teixit premium resistent amb tacte suau.<\/p>\n<\/li>\n<li data-start=\"812\" data-end=\"867\">\n<p data-start=\"814\" data-end=\"867\">Color terracota que combina amb absolutament tot.<\/p>\n<\/li>\n<li data-start=\"868\" data-end=\"923\">\n<p data-start=\"870\" data-end=\"923\">Pegat frontal brodat amb disseny original Gattnau.<\/p>\n<\/li>\n<li data-start=\"924\" data-end=\"1013\">\n<p data-start=\"926\" data-end=\"1013\"><strong data-start=\"926\" data-end=\"952\">Etiqueta NFC integrada.<\/strong> per enlla\u00e7ar m\u00fasica, v\u00eddeos, notes o el que et doni la gana.<\/p>\n<\/li>\n<li data-start=\"1014\" data-end=\"1042\">\n<p data-start=\"1016\" data-end=\"1042\">Ajust c\u00f2mode i estable.<\/p>\n<\/li>\n<li data-start=\"1043\" data-end=\"1078\">\n<p data-start=\"1045\" data-end=\"1078\">Est\u00e8tica minimalista amb actitud.<\/p>\n<\/li>\n<\/ul>\n<h3 data-start=\"1080\" data-end=\"1104\"><strong data-start=\"1084\" data-end=\"1102\">Perfecta per a\u2026<\/strong><\/h3>\n<p data-start=\"1105\" data-end=\"1344\">Qui vol una gorra amb personalitat <strong data-start=\"1145\" data-end=\"1187\">i una funci\u00f3 extra que ning\u00fa veu venir<\/strong>.<br data-start=\"1188\" data-end=\"1191\" \/>Per a creatius, per a amants de la m\u00fasica, per a qui sempre va amb un \u201cmira aix\u00f2\u201d guardat, o per a qui simplement vol portar un accessori \u00fanic.<\/p>","protected":false},"excerpt":{"rendered":"<div class=\"flex max-w-full flex-col grow\">\n<div class=\"min-h-8 text-message relative flex w-full flex-col items-end gap-2 text-start break-words whitespace-normal [.text-message+&amp;]:mt-1\" dir=\"auto\" data-message-author-role=\"assistant\" data-message-id=\"81aa4d65-ea89-415f-b111-981970c0a1fa\" data-message-model-slug=\"gpt-5-1\">\n<div class=\"flex w-full flex-col gap-1 empty:hidden first:pt-[1px]\">\n<div class=\"markdown prose dark:prose-invert w-full break-words light markdown-new-styling\">\n<p data-start=\"87\" data-end=\"302\" data-is-last-node=\"\" data-is-only-node=\"\"><strong data-start=\"87\" data-end=\"302\" data-is-last-node=\"\">La Terracotta NFC es una gorra premium con etiqueta NFC integrada: estilo terracota, parche bordado y la magia de poder abrir con tu m\u00f3vil la m\u00fasica, v\u00eddeo o link que t\u00fa elijas. Minimalista, resistente y \u00fanica.<\/strong><\/p>\n<\/div>\n<\/div>\n<\/div>\n<\/div>\n<div class=\"z-0 flex min-h-[46px] justify-start\"><\/div>\n<div class=\"mt-3 w-full empty:hidden\">\n<div class=\"text-center\"><\/div>\n<\/div>\n<div class=\"keyword-surfer\">\n<div class=\"flex items-center gap-[6px]\"><\/div>\n<\/div>","protected":false},"featured_media":25596,"template":"","meta":{"_monsterinsights_skip_tracking":false,"_monsterinsights_sitenote_active":false,"_monsterinsights_sitenote_note":"","_monsterinsights_sitenote_category":0,"_uf_show_specific_survey":0,"_uf_disable_surveys":false},"product_brand":[],"product_cat":[15],"product_tag":[96],"class_list":{"0":"post-25594","1":"product","2":"type-product","3":"status-publish","4":"has-post-thumbnail","6":"product_cat-sin-categorizar","7":"product_tag-nfc","9":"first","10":"instock","11":"sale","12":"taxable","13":"shipping-taxable","14":"purchasable","15":"product-type-simple"},"composite_virtual":false,"composite_layout":"","composite_add_to_cart_form_location":"","composite_editable_in_cart":false,"composite_sold_individually_context":"","composite_shop_price_calc":"","composite_components":[],"composite_scenarios":[],"_links":{"self":[{"href":"https:\/\/gattnau.com\/cat\/wp-json\/wp\/v2\/product\/25594","targetHints":{"allow":["GET"]}}],"collection":[{"href":"https:\/\/gattnau.com\/cat\/wp-json\/wp\/v2\/product"}],"about":[{"href":"https:\/\/gattnau.com\/cat\/wp-json\/wp\/v2\/types\/product"}],"version-history":[{"count":1,"href":"https:\/\/gattnau.com\/cat\/wp-json\/wp\/v2\/product\/25594\/revisions"}],"predecessor-version":[{"id":25597,"href":"https:\/\/gattnau.com\/cat\/wp-json\/wp\/v2\/product\/25594\/revisions\/25597"}],"wp:featuredmedia":[{"embeddable":true,"href":"https:\/\/gattnau.com\/cat\/wp-json\/wp\/v2\/media\/25596"}],"wp:attachment":[{"href":"https:\/\/gattnau.com\/cat\/wp-json\/wp\/v2\/media?parent=25594"}],"wp:term":[{"taxonomy":"product_brand","embeddable":true,"href":"https:\/\/gattnau.com\/cat\/wp-json\/wp\/v2\/product_brand?post=25594"},{"taxonomy":"product_cat","embeddable":true,"href":"https:\/\/gattnau.com\/cat\/wp-json\/wp\/v2\/product_cat?post=25594"},{"taxonomy":"product_tag","embeddable":true,"href":"https:\/\/gattnau.com\/cat\/wp-json\/wp\/v2\/product_tag?post=25594"}],"curies":[{"name":"wp","href":"https:\/\/api.w.org\/{rel}","templated":true}]}}