{"id":25487,"date":"2025-10-06T16:16:00","date_gmt":"2025-10-06T16:16:00","guid":{"rendered":"https:\/\/gattnau.com\/?post_type=product&#038;p=25487"},"modified":"2026-04-16T18:42:50","modified_gmt":"2026-04-16T18:42:50","slug":"gorra-no-puc-mes-vintage-marron","status":"publish","type":"product","link":"https:\/\/gattnau.com\/cat\/producte\/gorra-no-puc-mes-vintage-marron\/","title":{"rendered":"GORRA NO PUC M\u00c9S VINTAGE MARR\u00d3"},"content":{"rendered":"<div data-elementor-type=\"product-post\" data-elementor-id=\"25487\" class=\"elementor elementor-25487\" data-elementor-post-type=\"product\">\n\t\t\t\t<div class=\"elementor-element elementor-element-5a0df634 e-flex e-con-boxed e-con e-parent\" data-id=\"5a0df634\" data-element_type=\"container\">\n\t\t\t\t\t<div class=\"e-con-inner\">\n\t\t\t\t<div class=\"elementor-element elementor-element-4887f8c0 elementor-widget elementor-widget-text-editor\" data-id=\"4887f8c0\" data-element_type=\"widget\" data-widget_type=\"text-editor.default\">\n\t\t\t\t<div class=\"elementor-widget-container\">\n\t\t\t\t\t\t\t\t\t<h3>\ud83d\ude31 <strong data-start=\"178\" data-end=\"215\">No Puc M\u00e9s Marr\u00f3\u2013 Edici\u00f3 Especial.<\/strong><\/h3>\n<p data-start=\"475\" data-end=\"777\">Perqu\u00e8 tots tenim aquell moment en qu\u00e8 la vida ens exigeix \u200b\u200bm\u00e9s del que podem donar. Quina mandra\u2026<\/p>\n<p class=\"\" data-start=\"475\" data-end=\"777\">La gorreta arriba per elevar el teu cansament amb una explosi\u00f3 d'energia Gattnau. Aquesta \u00e9s l'edici\u00f3 especial que esperaven molts. Perqu\u00e8 sabem que a vegades no tot ha de ser perfecte, per\u00f2 sempre pot ser aut\u00e8ntic.<\/p>\n<hr class=\"\" data-start=\"779\" data-end=\"782\">\n<h3 data-start=\"784\" data-end=\"808\">&nbsp;<\/h3>\n<h3 class=\"\" data-start=\"784\" data-end=\"808\"><strong>\ud83d\udce6 Detalls t\u00e8cnics<\/strong><\/h3>\n<ul data-start=\"810\" data-end=\"991\">\n<li class=\"\" data-start=\"810\" data-end=\"838\">\n<p class=\"\" data-start=\"812\" data-end=\"838\">Color: <strong>Marr\u00f3 vintage rentat<\/strong><\/p>\n<\/li>\n<li class=\"\" data-start=\"839\" data-end=\"891\">\n<p class=\"\" data-start=\"841\" data-end=\"891\">Brodat frontal: \u201cNo puc m\u00e9s\u201d brodat <strong>amb fil blanc.<\/strong><\/p>\n<\/li>\n<li class=\"\" data-start=\"892\" data-end=\"916\">\n<p class=\"\" data-start=\"894\" data-end=\"916\">Ajustable. Talla \u00fanica. Sivella met\u00e0l\u00b7lica del darrere.<\/p>\n<\/li>\n<\/ul>\n<hr class=\"\" data-start=\"993\" data-end=\"996\">\n<h3 data-start=\"998\" data-end=\"1030\">&nbsp;<\/h3>\n<h3 class=\"\" data-start=\"998\" data-end=\"1030\"><strong>\ud83e\uddf2 Per qu\u00e8 la voldr\u00e0s?<\/strong><\/h3>\n<ul data-start=\"1032\" data-end=\"1255\">\n<li class=\"\" data-start=\"1032\" data-end=\"1116\">\n<p class=\"\" data-start=\"1034\" data-end=\"1116\">Perqu\u00e8 t\u00e9 el marr\u00f3 m\u00e9s bonic que hem vist.<\/p>\n<\/li>\n<li class=\"\" data-start=\"1117\" data-end=\"1159\">\n<p class=\"\" data-start=\"1119\" data-end=\"1159\">Perqu\u00e8 et quedar\u00e0 perfecta amb el teu estil.<\/p>\n<\/li>\n<li class=\"\" data-start=\"1160\" data-end=\"1255\">\n<p class=\"\" data-start=\"1162\" data-end=\"1255\">Perqu\u00e8 aquesta gorra representa els dies en qu\u00e8 la vida t'exigeix, per\u00f2 te la sua.<\/p>\n<\/li>\n<\/ul>\t\t\t\t\t\t\t\t<\/div>\n\t\t\t\t<\/div>\n\t\t\t\t\t<\/div>\n\t\t\t\t<\/div>\n\t\t\t\t<\/div>","protected":false},"excerpt":{"rendered":"<p>\ud83d\ude31 No Puc M\u00e9s Marr\u00f3n\u2013 Edici\u00f3n Especial. Porque todos tenemos ese momento en el que la vida nos exige m\u00e1s de lo que podemos dar. Qu\u00e9 pereza&#8230; La gorrita llega para elevar tu cansancio con una explosi\u00f3n de energ\u00eda Gattnau. Esta es la edici\u00f3n especial que muchos esperaban. Porque sabemos que a veces, no todo [&hellip;]<\/p>","protected":false},"featured_media":25518,"template":"","meta":{"_monsterinsights_skip_tracking":false,"_monsterinsights_sitenote_active":false,"_monsterinsights_sitenote_note":"","_monsterinsights_sitenote_category":0,"_uf_show_specific_survey":0,"_uf_disable_surveys":false},"product_brand":[],"product_cat":[19],"product_tag":[],"class_list":{"0":"post-25487","1":"product","2":"type-product","3":"status-publish","4":"has-post-thumbnail","6":"product_cat-gorras","8":"first","9":"outofstock","10":"featured","11":"taxable","12":"shipping-taxable","13":"purchasable","14":"product-type-simple"},"composite_virtual":false,"composite_layout":"","composite_add_to_cart_form_location":"","composite_editable_in_cart":false,"composite_sold_individually_context":"","composite_shop_price_calc":"","composite_components":[],"composite_scenarios":[],"_links":{"self":[{"href":"https:\/\/gattnau.com\/cat\/wp-json\/wp\/v2\/product\/25487","targetHints":{"allow":["GET"]}}],"collection":[{"href":"https:\/\/gattnau.com\/cat\/wp-json\/wp\/v2\/product"}],"about":[{"href":"https:\/\/gattnau.com\/cat\/wp-json\/wp\/v2\/types\/product"}],"version-history":[{"count":10,"href":"https:\/\/gattnau.com\/cat\/wp-json\/wp\/v2\/product\/25487\/revisions"}],"predecessor-version":[{"id":25517,"href":"https:\/\/gattnau.com\/cat\/wp-json\/wp\/v2\/product\/25487\/revisions\/25517"}],"wp:featuredmedia":[{"embeddable":true,"href":"https:\/\/gattnau.com\/cat\/wp-json\/wp\/v2\/media\/25518"}],"wp:attachment":[{"href":"https:\/\/gattnau.com\/cat\/wp-json\/wp\/v2\/media?parent=25487"}],"wp:term":[{"taxonomy":"product_brand","embeddable":true,"href":"https:\/\/gattnau.com\/cat\/wp-json\/wp\/v2\/product_brand?post=25487"},{"taxonomy":"product_cat","embeddable":true,"href":"https:\/\/gattnau.com\/cat\/wp-json\/wp\/v2\/product_cat?post=25487"},{"taxonomy":"product_tag","embeddable":true,"href":"https:\/\/gattnau.com\/cat\/wp-json\/wp\/v2\/product_tag?post=25487"}],"curies":[{"name":"wp","href":"https:\/\/api.w.org\/{rel}","templated":true}]}}