{"id":25470,"date":"2025-09-30T10:57:24","date_gmt":"2025-09-30T10:57:24","guid":{"rendered":"https:\/\/gattnau.com\/producto\/tarjeta-regalo\/"},"modified":"2025-12-05T14:58:52","modified_gmt":"2025-12-05T14:58:52","slug":"tarjeta-regalo","status":"publish","type":"product","link":"https:\/\/gattnau.com\/cat\/producte\/tarjeta-regalo\/","title":{"rendered":"Tarjeta Regalo Gattnau"},"content":{"rendered":"<p>Elige tu tarjeta regalo digital, recibe un c\u00f3digo \u00fanico y \u00fasalo en cualquier compra Gattnau. V\u00e1lido durante 12 meses<\/p>","protected":false},"excerpt":{"rendered":"<p>Elige tu tarjeta regalo digital, recibe un c\u00f3digo \u00fanico y \u00fasalo en cualquier compra Gattnau. V\u00e1lido durante 12 meses<\/p>","protected":false},"featured_media":25481,"template":"","meta":{"_monsterinsights_skip_tracking":false,"_monsterinsights_sitenote_active":false,"_monsterinsights_sitenote_note":"","_monsterinsights_sitenote_category":0,"_uf_show_specific_survey":0,"_uf_disable_surveys":false},"product_brand":[],"product_cat":[15],"product_tag":[],"class_list":{"0":"post-25470","1":"product","2":"type-product","3":"status-publish","4":"has-post-thumbnail","6":"product_cat-sin-categorizar","8":"first","9":"instock","10":"purchasable","11":"product-type-pw-gift-card"},"composite_virtual":false,"composite_layout":"","composite_add_to_cart_form_location":"","composite_editable_in_cart":false,"composite_sold_individually_context":"","composite_shop_price_calc":"","composite_components":[],"composite_scenarios":[],"_links":{"self":[{"href":"https:\/\/gattnau.com\/cat\/wp-json\/wp\/v2\/product\/25470","targetHints":{"allow":["GET"]}}],"collection":[{"href":"https:\/\/gattnau.com\/cat\/wp-json\/wp\/v2\/product"}],"about":[{"href":"https:\/\/gattnau.com\/cat\/wp-json\/wp\/v2\/types\/product"}],"version-history":[{"count":2,"href":"https:\/\/gattnau.com\/cat\/wp-json\/wp\/v2\/product\/25470\/revisions"}],"predecessor-version":[{"id":25482,"href":"https:\/\/gattnau.com\/cat\/wp-json\/wp\/v2\/product\/25470\/revisions\/25482"}],"wp:featuredmedia":[{"embeddable":true,"href":"https:\/\/gattnau.com\/cat\/wp-json\/wp\/v2\/media\/25481"}],"wp:attachment":[{"href":"https:\/\/gattnau.com\/cat\/wp-json\/wp\/v2\/media?parent=25470"}],"wp:term":[{"taxonomy":"product_brand","embeddable":true,"href":"https:\/\/gattnau.com\/cat\/wp-json\/wp\/v2\/product_brand?post=25470"},{"taxonomy":"product_cat","embeddable":true,"href":"https:\/\/gattnau.com\/cat\/wp-json\/wp\/v2\/product_cat?post=25470"},{"taxonomy":"product_tag","embeddable":true,"href":"https:\/\/gattnau.com\/cat\/wp-json\/wp\/v2\/product_tag?post=25470"}],"curies":[{"name":"wp","href":"https:\/\/api.w.org\/{rel}","templated":true}]}}