{"id":25216,"date":"2025-09-05T16:34:39","date_gmt":"2025-09-05T16:34:39","guid":{"rendered":"https:\/\/gattnau.com\/?post_type=product&#038;p=25216"},"modified":"2025-11-24T14:58:36","modified_gmt":"2025-11-24T14:58:36","slug":"camiseta-vermut","status":"publish","type":"product","link":"https:\/\/gattnau.com\/cat\/producte\/camiseta-vermut\/","title":{"rendered":"SAMARRETA VERMUT"},"content":{"rendered":"<p data-start=\"113\" data-end=\"157\">\ud83c\udf78 <strong data-start=\"116\" data-end=\"155\">Samarreta Vermut \u2013 Edici\u00f3 Especial.<\/strong><\/p>\n<p data-start=\"159\" data-end=\"333\">Perqu\u00e8 hi ha dies de \u201cno puc m\u00e9s\u201d\u2026 i altres de vermut al sol amb la calma. Aquesta samarreta celebra l'hora sagrada de l'aperitiu: gots plens, olives punxades i zero pressa.<\/p>\n<p data-start=\"335\" data-end=\"544\">La samarreta beis \u201cVermut\u201d arriba per recordar-te que l'estil tamb\u00e9 pot olorar diumenge a terrassa. Amb el seu estampat gr\u00e0fic a l'esquena, no nom\u00e9s portes posada una samarreta: portes posada una actitud.<\/p>\n<hr data-start=\"546\" data-end=\"549\" \/>\n<p data-start=\"551\" data-end=\"577\">\ud83d\udce6 <strong data-start=\"554\" data-end=\"575\">Detalls t\u00e8cnics<\/strong><\/p>\n<p data-start=\"579\" data-end=\"801\">Color: Beis cot\u00f3 premium<br data-start=\"608\" data-end=\"611\" \/>Esquena: Estampat de gots de vermut amb olives i tipografia blava \u201cVERMUT\u201d<br data-start=\"689\" data-end=\"692\" \/>Davantera: Minimal, estampat d'un got de vermut amb olives<br data-start=\"725\" data-end=\"728\" \/>Tall: Unisex, fit relaxat<br data-start=\"755\" data-end=\"758\" \/>Teixit: 100% cot\u00f3 suau, heavyweight \u2013 220 g\/m\u00b2<\/p>\n<hr data-start=\"803\" data-end=\"806\" \/>\n<p data-start=\"808\" data-end=\"842\">\ud83e\uddf2 <strong data-start=\"811\" data-end=\"840\">Per qu\u00e8 la voldr\u00e0s?<\/strong><\/p>\n<p data-start=\"844\" data-end=\"1025\">Perqu\u00e8 converteix qualsevol dia en hora de vermut.<br data-start=\"893\" data-end=\"896\" \/>Perqu\u00e8 el print retro \u00e9s un homenatge a la cultura mediterr\u00e0nia.<br data-start=\"959\" data-end=\"962\" \/>Perqu\u00e8 no hi ha millor uniforme per a terrassa, bar o quiosquet.<\/p>","protected":false},"excerpt":{"rendered":"<p>\ud83c\udf78 <strong data-start=\"116\" data-end=\"155\">Samarreta Vermut \u2013 Edici\u00f3 Especial.<\/strong><\/p>","protected":false},"featured_media":25316,"template":"","meta":{"_monsterinsights_skip_tracking":false,"_monsterinsights_sitenote_active":false,"_monsterinsights_sitenote_note":"","_monsterinsights_sitenote_category":0,"_uf_show_specific_survey":0,"_uf_disable_surveys":false},"product_brand":[],"product_cat":[40],"product_tag":[],"class_list":{"0":"post-25216","1":"product","2":"type-product","3":"status-publish","4":"has-post-thumbnail","6":"product_cat-camisetas","8":"first","9":"outofstock","10":"taxable","11":"shipping-taxable","12":"purchasable","13":"product-type-variable"},"composite_virtual":false,"composite_layout":"","composite_add_to_cart_form_location":"","composite_editable_in_cart":false,"composite_sold_individually_context":"","composite_shop_price_calc":"","composite_components":[],"composite_scenarios":[],"_links":{"self":[{"href":"https:\/\/gattnau.com\/cat\/wp-json\/wp\/v2\/product\/25216","targetHints":{"allow":["GET"]}}],"collection":[{"href":"https:\/\/gattnau.com\/cat\/wp-json\/wp\/v2\/product"}],"about":[{"href":"https:\/\/gattnau.com\/cat\/wp-json\/wp\/v2\/types\/product"}],"version-history":[{"count":2,"href":"https:\/\/gattnau.com\/cat\/wp-json\/wp\/v2\/product\/25216\/revisions"}],"predecessor-version":[{"id":25358,"href":"https:\/\/gattnau.com\/cat\/wp-json\/wp\/v2\/product\/25216\/revisions\/25358"}],"wp:featuredmedia":[{"embeddable":true,"href":"https:\/\/gattnau.com\/cat\/wp-json\/wp\/v2\/media\/25316"}],"wp:attachment":[{"href":"https:\/\/gattnau.com\/cat\/wp-json\/wp\/v2\/media?parent=25216"}],"wp:term":[{"taxonomy":"product_brand","embeddable":true,"href":"https:\/\/gattnau.com\/cat\/wp-json\/wp\/v2\/product_brand?post=25216"},{"taxonomy":"product_cat","embeddable":true,"href":"https:\/\/gattnau.com\/cat\/wp-json\/wp\/v2\/product_cat?post=25216"},{"taxonomy":"product_tag","embeddable":true,"href":"https:\/\/gattnau.com\/cat\/wp-json\/wp\/v2\/product_tag?post=25216"}],"curies":[{"name":"wp","href":"https:\/\/api.w.org\/{rel}","templated":true}]}}