{"id":24256,"date":"2025-04-21T11:37:06","date_gmt":"2025-04-21T11:37:06","guid":{"rendered":"https:\/\/gattnau.com\/?post_type=product&#038;p=24256"},"modified":"2025-11-25T09:56:57","modified_gmt":"2025-11-25T09:56:57","slug":"gorra-chulapa","status":"publish","type":"product","link":"https:\/\/gattnau.com\/cat\/producte\/gorra-chulapa\/","title":{"rendered":"Gorra Chulapa"},"content":{"rendered":"<div data-elementor-type=\"product-post\" data-elementor-id=\"24256\" class=\"elementor elementor-24256\" data-elementor-post-type=\"product\">\n\t\t\t\t<div class=\"elementor-element elementor-element-12b5d4cb e-flex e-con-boxed e-con e-parent\" data-id=\"12b5d4cb\" data-element_type=\"container\">\n\t\t\t\t\t<div class=\"e-con-inner\">\n\t\t\t\t<div class=\"elementor-element elementor-element-266dcb2b elementor-widget elementor-widget-text-editor\" data-id=\"266dcb2b\" data-element_type=\"widget\" data-widget_type=\"text-editor.default\">\n\t\t\t\t<div class=\"elementor-widget-container\">\n\t\t\t\t\t\t\t\t\t<h2><strong>\u2764\ufe0f\u200b La Gorra Chulapa amb m\u00e9s carrers que el Google Maps.<\/strong><\/h2><p>\u00a0<\/p><p class=\"\" data-start=\"371\" data-end=\"533\">Hi ha gorres que es posen. I despr\u00e9s hi \u00e9s <strong data-start=\"411\" data-end=\"422\">CHULAPA<\/strong>.<br data-start=\"423\" data-end=\"426\" \/><strong data-start=\"426\" data-end=\"446\">La gorra beix brodada<\/strong> que no demana perm\u00eds, no pregunta, no avisa. Nom\u00e9s arriba, et mira de re\u00fcll\u2026 i et conquereix.<\/p><p class=\"\" data-start=\"535\" data-end=\"773\">Perqu\u00e8 CHULAPA \u00e9s un mood. \u00c9s un \u201cdic poc, per\u00f2 jo crec que se m'ent\u00e9n\u201d.\u00a0<br data-start=\"666\" data-end=\"669\" \/>La barreja perfecta entre el <strong data-start=\"697\" data-end=\"708\">cast\u00eds<\/strong> i ho <strong data-start=\"714\" data-end=\"727\">de carrer<\/strong>, entre all\u00f2 cl\u00e0ssic i all\u00f2 que ning\u00fa s'esperava.<\/p><p class=\"\" data-start=\"566\" data-end=\"686\">Aqu\u00ed no venim a vendre't estil.<br data-start=\"600\" data-end=\"603\" \/>Venim a recordar-te que <strong data-start=\"628\" data-end=\"644\">ja ho tens<\/strong>.<\/p><h2 class=\"\" data-start=\"693\" data-end=\"722\">\u00a0<\/h2><h2 class=\"\" data-start=\"693\" data-end=\"722\"><strong>\ud83d\udc83 CASTISSA, PER\u00d2 MODERNA<\/strong><\/h2><p class=\"\" data-start=\"741\" data-end=\"912\"><strong>CHULAPA <\/strong>per a la gent que adora la tradici\u00f3 amb un nou aire. Per a la gent que diu all\u00f2 que pensa, per\u00f2 amb gr\u00e0cia. Que no necessita likes, que no es disfressa de res.<\/p><p class=\"\" data-start=\"1063\" data-end=\"1179\">Una gorra <strong data-start=\"1073\" data-end=\"1108\">amb personalitat, disseny urb\u00e0<\/strong> i aquest punt de <em>\u201cme la sua per\u00f2 me la poso\u201d<\/em> que tant ens representa.<\/p><p data-start=\"1063\" data-end=\"1179\">\u00a0<\/p><h2 class=\"\" data-start=\"1653\" data-end=\"1672\"><strong>\ud83d\udd25 DETALLS QUE MARQUEN LA DIFER\u00c8NCIA<\/strong><\/h2><p>\u00a0<\/p><ul data-start=\"1200\" data-end=\"1646\"><li class=\"\" data-start=\"1200\" data-end=\"1250\"><p class=\"\" data-start=\"1202\" data-end=\"1250\">Color <strong>beix clar<\/strong>\u00a0amb efecte vintage.<\/p><\/li><li class=\"\" data-start=\"1251\" data-end=\"1296\"><p class=\"\" data-start=\"1253\" data-end=\"1296\">Brodat frontal amb fil vermell i actitud 100% Gattnau.<\/p><\/li><li class=\"\" data-start=\"1297\" data-end=\"1374\"><p class=\"\" data-start=\"1299\" data-end=\"1374\">Disseny unisex, <strong data-start=\"1314\" data-end=\"1336\">ajustable i c\u00f2mode<\/strong> per a tot tipus de caps (i egos).<\/p><\/li><li class=\"\" data-start=\"1375\" data-end=\"1437\"><p class=\"\" data-start=\"1377\" data-end=\"1437\">Fabricaci\u00f3 premium: cot\u00f3 de qualitat i tancament met\u00e0l\u00b7lic.<\/p><\/li><li class=\"\" data-start=\"1438\" data-end=\"1520\"><p class=\"\" data-start=\"1440\" data-end=\"1520\">Perfecta per a looks casual, moderns, o per donar punch a qualsevol conjunt.<\/p><\/li><li class=\"\" data-start=\"1521\" data-end=\"1575\"><p class=\"\" data-start=\"1523\" data-end=\"1575\">Una de les nostres <strong data-start=\"1539\" data-end=\"1572\">gorres brodades m\u00e9s especials.<\/strong><\/p><\/li><li class=\"\" data-start=\"1576\" data-end=\"1646\"><p class=\"\" data-start=\"1578\" data-end=\"1646\">Part de la col\u00b7lecci\u00f3 de <strong data-start=\"1603\" data-end=\"1645\">gorres originals amb identitat pr\u00f2pia<\/strong>.<\/p><\/li><\/ul><h2 class=\"\" data-start=\"1653\" data-end=\"1672\">\u00a0<\/h2>\t\t\t\t\t\t\t\t<\/div>\n\t\t\t\t<\/div>\n\t\t\t\t\t<\/div>\n\t\t\t\t<\/div>\n\t\t\t\t<\/div>","protected":false},"excerpt":{"rendered":"<p>\u2764\ufe0f\u200b La Gorra Chulapa con m\u00e1s calles que el Google Maps. Hay gorras que se ponen. Y luego est\u00e1 CHULAPA.La gorra beige bordada que no pide permiso, no pregunta, no avisa. Solo llega, te mira de reojo\u2026 y te conquista. Porque CHULAPA es un mood. Es un &#8220;digo poco, pero yo creo que se me [&hellip;]<\/p>","protected":false},"featured_media":25583,"template":"","meta":{"_monsterinsights_skip_tracking":false,"_monsterinsights_sitenote_active":false,"_monsterinsights_sitenote_note":"","_monsterinsights_sitenote_category":0,"_uf_show_specific_survey":0,"_uf_disable_surveys":false},"product_brand":[],"product_cat":[19],"product_tag":[],"class_list":{"0":"post-24256","1":"product","2":"type-product","3":"status-publish","4":"has-post-thumbnail","6":"product_cat-gorras","8":"first","9":"outofstock","10":"taxable","11":"shipping-taxable","12":"purchasable","13":"product-type-simple"},"composite_virtual":false,"composite_layout":"","composite_add_to_cart_form_location":"","composite_editable_in_cart":false,"composite_sold_individually_context":"","composite_shop_price_calc":"","composite_components":[],"composite_scenarios":[],"_links":{"self":[{"href":"https:\/\/gattnau.com\/cat\/wp-json\/wp\/v2\/product\/24256","targetHints":{"allow":["GET"]}}],"collection":[{"href":"https:\/\/gattnau.com\/cat\/wp-json\/wp\/v2\/product"}],"about":[{"href":"https:\/\/gattnau.com\/cat\/wp-json\/wp\/v2\/types\/product"}],"version-history":[{"count":15,"href":"https:\/\/gattnau.com\/cat\/wp-json\/wp\/v2\/product\/24256\/revisions"}],"predecessor-version":[{"id":24434,"href":"https:\/\/gattnau.com\/cat\/wp-json\/wp\/v2\/product\/24256\/revisions\/24434"}],"wp:featuredmedia":[{"embeddable":true,"href":"https:\/\/gattnau.com\/cat\/wp-json\/wp\/v2\/media\/25583"}],"wp:attachment":[{"href":"https:\/\/gattnau.com\/cat\/wp-json\/wp\/v2\/media?parent=24256"}],"wp:term":[{"taxonomy":"product_brand","embeddable":true,"href":"https:\/\/gattnau.com\/cat\/wp-json\/wp\/v2\/product_brand?post=24256"},{"taxonomy":"product_cat","embeddable":true,"href":"https:\/\/gattnau.com\/cat\/wp-json\/wp\/v2\/product_cat?post=24256"},{"taxonomy":"product_tag","embeddable":true,"href":"https:\/\/gattnau.com\/cat\/wp-json\/wp\/v2\/product_tag?post=24256"}],"curies":[{"name":"wp","href":"https:\/\/api.w.org\/{rel}","templated":true}]}}