{"id":23839,"date":"2025-02-17T17:22:18","date_gmt":"2025-02-17T17:22:18","guid":{"rendered":"https:\/\/gattnau.com\/?post_type=product&#038;p=23839"},"modified":"2026-02-14T11:34:44","modified_gmt":"2026-02-14T11:34:44","slug":"gorra-malaje","status":"publish","type":"product","link":"https:\/\/gattnau.com\/cat\/producte\/gorra-malaje\/","title":{"rendered":"Gorra Malaje"},"content":{"rendered":"<div data-elementor-type=\"product-post\" data-elementor-id=\"23839\" class=\"elementor elementor-23839\" data-elementor-post-type=\"product\">\n\t\t\t\t<div class=\"elementor-element elementor-element-44b2b6f0 e-con-full e-flex e-con e-parent\" data-id=\"44b2b6f0\" data-element_type=\"container\">\n\t\t\t\t<div class=\"elementor-element elementor-element-d6638e0 elementor-widget elementor-widget-text-editor\" data-id=\"d6638e0\" data-element_type=\"widget\" data-widget_type=\"text-editor.default\">\n\t\t\t\t<div class=\"elementor-widget-container\">\n\t\t\t\t\t\t\t\t\t<h4 data-start=\"238\" data-end=\"295\"><strong>\u2728 <\/strong><strong>Gorra Malaje i l'art que tot et sigui igual (o gaireb\u00e9).<\/strong><\/h4><p><em>Digues-me que ets del sud sense dir que ets del sud.<\/em><br \/>Ser malatge \u00e9s un art, una actitud, una manera molt elegant de dir: <em>m'importa el que \u00e9s just.\u00a0<\/em>Ser malatge no \u00e9s caure malament, \u00e9s caure amb personalitat. \u00c9s respondre amb ironia, arribar tard amb flow i tenir el talent innat de dir les coses clares i de cara. \u00c9s l'art d'anar per la vida amb accent, amb desimboltura i amb l'\u00e0nima lliure de filtres. Aqu\u00ed no ve a caure b\u00e9, es ve a ser aut\u00e8ntica.<\/p><p>Aquesta no \u00e9s una gorra qualsevol. \u00c9s una<b><strong> gorra brodada vintage verd<\/strong><\/b> que porta gravat amb maj\u00fascules l'esperit de qui no va de res, per\u00f2 ho \u00e9s tot. De qui no riu per comprom\u00eds, per\u00f2 quan ho fa, et canvia el dia.<\/p><p>\u00a0<\/p><h2 class=\"\" data-start=\"1027\" data-end=\"1065\"><b><strong>\ud83d\udc9a PER A PERSONES MALATGE<\/strong><\/b><\/h2><p>\u00a0<\/p><p class=\"\" data-start=\"1067\" data-end=\"1267\">No tothom ho ent\u00e9n.<br data-start=\"1096\" data-end=\"1099\" \/>No cal.<br data-start=\"1113\" data-end=\"1116\" \/>La <strong data-start=\"1119\" data-end=\"1135\">gorra Malatge<\/strong> est\u00e0 feta per als qui tenen ell. <strong data-start=\"1170\" data-end=\"1187\"><b>estil urb\u00e0<\/b><\/strong> dels que van per la vida sense filtres, sense drames, i amb una cella aixecada.<\/p><p class=\"\" data-start=\"1269\" data-end=\"1425\">Feta amb materials d\u00b4alta qualitat, disseny <strong data-start=\"1314\" data-end=\"1325\">vintage<\/strong>, brodat premium i una energia que no es compra.<\/p><p data-start=\"1269\" data-end=\"1425\">\u00a0<\/p><hr class=\"\" data-start=\"1214\" data-end=\"1217\" \/><h3 data-start=\"975\" data-end=\"999\">\u00a0<\/h3><h3 data-start=\"975\" data-end=\"999\"><strong>Detalls t\u00e8cnics<\/strong><\/h3><p>\u00a0<\/p><ul data-start=\"1001\" data-end=\"1212\"><li class=\"\" data-start=\"1001\" data-end=\"1029\"><p class=\"\" data-start=\"1003\" data-end=\"1029\">Color: <strong>Verd vintage rentat.<\/strong><\/p><\/li><li class=\"\" data-start=\"1030\" data-end=\"1079\"><p class=\"\" data-start=\"1032\" data-end=\"1079\">Brodat frontal: \u201cMalatge\u201d <strong>brodada amb fil blanc.<\/strong><\/p><\/li><li class=\"\" data-start=\"1080\" data-end=\"1104\"><p class=\"\" data-start=\"1082\" data-end=\"1104\">Ajustable <strong>Talla \u00fanica.<\/strong> Unisex. C\u00f2moda. Sivella met\u00e0l\u00b7lica envellida.<\/p><\/li><li data-start=\"1080\" data-end=\"1104\">Una de les gorres m\u00e9s estimades per la nostra comunitat.<\/li><\/ul><ul><li><strong>100% cot\u00f3<\/strong> pentinat i rentat.<\/li><\/ul><ul><li data-start=\"1080\" data-end=\"1104\">6 panells.<\/li><\/ul><blockquote data-start=\"297\" data-end=\"379\"><p class=\"\" data-start=\"299\" data-end=\"379\">\u00a0<\/p><\/blockquote><hr class=\"\" data-start=\"1214\" data-end=\"1217\" \/><h3 data-start=\"1219\" data-end=\"1251\">\u00a0<\/h3><h3 class=\"\" data-start=\"1219\" data-end=\"1251\"><strong>\ud83e\uddf2 Per qu\u00e8 la voldr\u00e0s?<\/strong><\/h3><p>\u00a0<\/p><ul data-start=\"1253\" data-end=\"1380\"><li class=\"\" data-start=\"1253\" data-end=\"1288\"><p class=\"\" data-start=\"1255\" data-end=\"1288\">Perqu\u00e8 \u00e9s tan carism\u00e0tica com tu.<\/p><\/li><li class=\"\" data-start=\"1289\" data-end=\"1327\"><p class=\"\" data-start=\"1291\" data-end=\"1327\">Perqu\u00e8 no demana perm\u00eds per destacar.<\/p><\/li><li class=\"\" data-start=\"1328\" data-end=\"1380\"><p class=\"\" data-start=\"1330\" data-end=\"1380\">Perqu\u00e8 si te la poses et miraran i no t'oblidaran.<\/p><\/li><\/ul>\t\t\t\t\t\t\t\t<\/div>\n\t\t\t\t<\/div>\n\t\t\t\t<\/div>\n\t\t\t\t<\/div>","protected":false},"excerpt":{"rendered":"<p>\u2728 Gorra Malaje y el arte de que todo te d\u00e9 igual (o casi). Dime que eres del sur sin decir que eres del sur. Ser malaje es un arte, una actitud, una manera muy elegante de decir: me importa lo justo.\u00a0Ser malaje no es caer mal, es caer con personalidad. Es responder con iron\u00eda, [&hellip;]<\/p>","protected":false},"featured_media":25585,"template":"","meta":{"_monsterinsights_skip_tracking":false,"_monsterinsights_sitenote_active":false,"_monsterinsights_sitenote_note":"","_monsterinsights_sitenote_category":0,"_uf_show_specific_survey":0,"_uf_disable_surveys":false},"product_brand":[],"product_cat":[19],"product_tag":[],"class_list":{"0":"post-23839","1":"product","2":"type-product","3":"status-publish","4":"has-post-thumbnail","6":"product_cat-gorras","8":"first","9":"instock","10":"taxable","11":"shipping-taxable","12":"purchasable","13":"product-type-simple"},"composite_virtual":false,"composite_layout":"","composite_add_to_cart_form_location":"","composite_editable_in_cart":false,"composite_sold_individually_context":"","composite_shop_price_calc":"","composite_components":[],"composite_scenarios":[],"_links":{"self":[{"href":"https:\/\/gattnau.com\/cat\/wp-json\/wp\/v2\/product\/23839","targetHints":{"allow":["GET"]}}],"collection":[{"href":"https:\/\/gattnau.com\/cat\/wp-json\/wp\/v2\/product"}],"about":[{"href":"https:\/\/gattnau.com\/cat\/wp-json\/wp\/v2\/types\/product"}],"version-history":[{"count":23,"href":"https:\/\/gattnau.com\/cat\/wp-json\/wp\/v2\/product\/23839\/revisions"}],"predecessor-version":[{"id":24437,"href":"https:\/\/gattnau.com\/cat\/wp-json\/wp\/v2\/product\/23839\/revisions\/24437"}],"wp:featuredmedia":[{"embeddable":true,"href":"https:\/\/gattnau.com\/cat\/wp-json\/wp\/v2\/media\/25585"}],"wp:attachment":[{"href":"https:\/\/gattnau.com\/cat\/wp-json\/wp\/v2\/media?parent=23839"}],"wp:term":[{"taxonomy":"product_brand","embeddable":true,"href":"https:\/\/gattnau.com\/cat\/wp-json\/wp\/v2\/product_brand?post=23839"},{"taxonomy":"product_cat","embeddable":true,"href":"https:\/\/gattnau.com\/cat\/wp-json\/wp\/v2\/product_cat?post=23839"},{"taxonomy":"product_tag","embeddable":true,"href":"https:\/\/gattnau.com\/cat\/wp-json\/wp\/v2\/product_tag?post=23839"}],"curies":[{"name":"wp","href":"https:\/\/api.w.org\/{rel}","templated":true}]}}