{"id":23524,"date":"2025-01-21T15:58:24","date_gmt":"2025-01-21T15:58:24","guid":{"rendered":"https:\/\/gattnau.com\/?post_type=product&#038;p=23524"},"modified":"2025-11-25T09:48:21","modified_gmt":"2025-11-25T09:48:21","slug":"gorra-gattnau","status":"publish","type":"product","link":"https:\/\/gattnau.com\/cat\/producte\/gorra-gattnau\/","title":{"rendered":"NFC | Gorra Gattnau"},"content":{"rendered":"<p>Gorra Gattnau amb etiqueta intel\u00b7ligent NFC brodada a la part frontal de la gorra. Dins aquesta etiqueta NFC pots afegir, al checkout i proc\u00e9s de pagament l'enlla\u00e7 de la can\u00e7\u00f3 o v\u00eddeo de YouTube o Spotify que vols afegir a la teva gorra.<\/p>\n<p>D'aquesta manera la vostra gorra quedar\u00e0 configurada perqu\u00e8 cada vegada que es passi un smartphone per sobre de la gorra aparegui com a notificaci\u00f3 en aquest smartphone.<\/p>","protected":false},"excerpt":{"rendered":"<p>Gorra Gattnau con etiqueta inteligente NFC bordada en la parte frontal de la gorra. Dentro de esta etiqueta NFC puedes a\u00f1adir, en el checkout y proceso de pago el enlace de la canci\u00f3n o v\u00eddeo de YouTube o Spotify que quieres a\u00f1adir a tu gorro. De esta manera tu gorro quedar\u00e1 configurado para que cada [&hellip;]<\/p>","protected":false},"featured_media":25582,"template":"","meta":{"_monsterinsights_skip_tracking":false,"_monsterinsights_sitenote_active":false,"_monsterinsights_sitenote_note":"","_monsterinsights_sitenote_category":0,"_uf_show_specific_survey":0,"_uf_disable_surveys":false},"product_brand":[],"product_cat":[19,95],"product_tag":[96],"class_list":{"0":"post-23524","1":"product","2":"type-product","3":"status-publish","4":"has-post-thumbnail","6":"product_cat-gorras","7":"product_cat-inteligente","8":"product_tag-nfc","10":"first","11":"onbackorder","12":"taxable","13":"shipping-taxable","14":"purchasable","15":"product-type-simple"},"composite_virtual":false,"composite_layout":"","composite_add_to_cart_form_location":"","composite_editable_in_cart":false,"composite_sold_individually_context":"","composite_shop_price_calc":"","composite_components":[],"composite_scenarios":[],"_links":{"self":[{"href":"https:\/\/gattnau.com\/cat\/wp-json\/wp\/v2\/product\/23524","targetHints":{"allow":["GET"]}}],"collection":[{"href":"https:\/\/gattnau.com\/cat\/wp-json\/wp\/v2\/product"}],"about":[{"href":"https:\/\/gattnau.com\/cat\/wp-json\/wp\/v2\/types\/product"}],"version-history":[{"count":3,"href":"https:\/\/gattnau.com\/cat\/wp-json\/wp\/v2\/product\/23524\/revisions"}],"predecessor-version":[{"id":25528,"href":"https:\/\/gattnau.com\/cat\/wp-json\/wp\/v2\/product\/23524\/revisions\/25528"}],"wp:featuredmedia":[{"embeddable":true,"href":"https:\/\/gattnau.com\/cat\/wp-json\/wp\/v2\/media\/25582"}],"wp:attachment":[{"href":"https:\/\/gattnau.com\/cat\/wp-json\/wp\/v2\/media?parent=23524"}],"wp:term":[{"taxonomy":"product_brand","embeddable":true,"href":"https:\/\/gattnau.com\/cat\/wp-json\/wp\/v2\/product_brand?post=23524"},{"taxonomy":"product_cat","embeddable":true,"href":"https:\/\/gattnau.com\/cat\/wp-json\/wp\/v2\/product_cat?post=23524"},{"taxonomy":"product_tag","embeddable":true,"href":"https:\/\/gattnau.com\/cat\/wp-json\/wp\/v2\/product_tag?post=23524"}],"curies":[{"name":"wp","href":"https:\/\/api.w.org\/{rel}","templated":true}]}}