{"id":520,"date":"2023-10-24T09:35:49","date_gmt":"2023-10-24T09:35:49","guid":{"rendered":"https:\/\/gattnau.com\/?page_id=520"},"modified":"2025-01-21T15:25:21","modified_gmt":"2025-01-21T15:25:21","slug":"politica-de-privacidad","status":"publish","type":"page","link":"https:\/\/gattnau.com\/cat\/politica-de-privacidad\/","title":{"rendered":"Pol\u00edtica de privadesa"},"content":{"rendered":"<div data-elementor-type=\"wp-page\" data-elementor-id=\"520\" class=\"elementor elementor-520\" data-elementor-post-type=\"page\">\n\t\t\t\t<div class=\"elementor-element elementor-element-3f7557df e-flex e-con-boxed e-con e-parent\" data-id=\"3f7557df\" data-element_type=\"container\" data-settings=\"{&quot;background_background&quot;:&quot;classic&quot;}\">\n\t\t\t\t\t<div class=\"e-con-inner\">\n\t\t\t\t<div class=\"elementor-element elementor-element-3030399d elementor-widget elementor-widget-heading\" data-id=\"3030399d\" data-element_type=\"widget\" data-widget_type=\"heading.default\">\n\t\t\t\t<div class=\"elementor-widget-container\">\n\t\t\t\t\t<h2 class=\"elementor-heading-title elementor-size-default\">Pol\u00edtica de privadesa<\/h2>\t\t\t\t<\/div>\n\t\t\t\t<\/div>\n\t\t\t\t<div class=\"elementor-element elementor-element-5e795c4d elementor-widget elementor-widget-text-editor\" data-id=\"5e795c4d\" data-element_type=\"widget\" data-widget_type=\"text-editor.default\">\n\t\t\t\t<div class=\"elementor-widget-container\">\n\t\t\t\t\t\t\t\t\t<p><span style=\"text-align: var(--text-align); font-size: 1rem;\">Data d'\u00faltima actualitzaci\u00f3: Octubre 2023<\/span><\/p><p><b>Qui som.<br \/><\/b><\/p><p><a style=\"text-align: var(--text-align); background-color: #ffffff; font-size: 1rem;\" href=\"https:\/\/gattnau.com\/cat\/\" target=\"_blank\" rel=\"noopener\">Gattnau<\/a><\/p><p><b>Comentaris.<br \/><\/b>Quan els visitants deixen comentaris a la web, recopilem les dades que es mostren al formulari de comentaris, aix\u00ed com l'adre\u00e7a IP del visitant i la cadena d'agents d'usuari del navegador per ajudar a la detecci\u00f3 d'spam.<\/p><p><b><span style=\"text-align: var(--text-align); font-size: 1rem;\">Mitjans.<\/span><\/b><\/p><p><span style=\"text-align: var(--text-align); font-size: 1rem;\">Si puges imatges a la web, hauries d'evitar pujar imatges amb dades d'ubicaci\u00f3 (GPS EXIF) incloses. Els visitants de la web poden descarregar i extreure qualsevol dada dubicaci\u00f3 de les imatges de la web.<\/span><\/p><p><b>Cookies<br \/><\/b>Si deixes un comentari al nostre lloc pots triar desar el teu nom, adre\u00e7a de correu electr\u00f2nic i web a cookies. Aix\u00f2 \u00e9s per a la teva comoditat, perqu\u00e8 no hagis de tornar a emplenar les dades quan deixis un altre comentari. Aquestes galetes tindran una durada d'un any.<\/p><p>Si tens un compte i et connectes a aquest lloc, instal\u00b7larem una galeta temporal per determinar si el teu navegador accepta galetes. Aquesta galeta no cont\u00e9 dades personals i s'elimina en tancar el navegador.<\/p><p>Quan hi accedeixis, tamb\u00e9 instal\u00b7larem diverses galetes per desar la teva informaci\u00f3 d'acc\u00e9s i les teves opcions de visualitzaci\u00f3 de pantalla. Les galetes d'acc\u00e9s duren dos dies i les galetes d'opcions de pantalla duren un any. Si seleccioneu \u00abRecordar-me\u00bb, el vostre acc\u00e9s perdurar\u00e0 durant dues setmanes. Si surts del teu compte, les galetes d'acc\u00e9s s'eliminaran.<\/p><p><b>Recull de dades personals.<\/b><\/p><p>Recopilem informaci\u00f3 personal dels usuaris del nostre lloc web de les seg\u00fcents formes:<\/p><p><b><u>Informaci\u00f3 proporcionada per l'usuari:<\/u><\/b> En completar formularis de contacte, registre de comptes, subscripcions, compres, o en enviar-nos correus electr\u00f2nics amb les vostres dades personals.<\/p><p><b style=\"text-align: var(--text-align); font-size: 1rem;\"><u>Informaci\u00f3 recopilada autom\u00e0ticament:<\/u> <\/b><span style=\"text-align: var(--text-align); font-size: 1rem;\">Utilitzem cookies i tecnologies de seguiment per recopilar informaci\u00f3 sobre l'activitat dels usuaris al nostre lloc web, com ara l'adre\u00e7a IP, la ubicaci\u00f3 geogr\u00e0fica, el tipus de dispositiu, el navegador utilitzat i les p\u00e0gines visitades.<\/span><\/p><p><b>\u00das de dades personals<\/b><\/p><p><span style=\"text-align: var(--text-align); font-size: 1rem;\">Utilitzem les dades personals recopilades per a les seg\u00fcents finalitats:<\/span><\/p><p><span style=\"text-align: var(--text-align); font-size: 1rem;\"><b><u>Gesti\u00f3 de compres i serveis:<\/u><\/b> Per processar comandes, lliuraments i brindar serveis relacionats.<\/span><\/p><p><b style=\"text-align: var(--text-align); font-size: 1rem;\"><u>Comunicaci\u00f3: <\/u><\/b><span style=\"text-align: var(--text-align); font-size: 1rem;\">Per respondre a consultes, sol\u00b7licituds dinformaci\u00f3 i brindar assist\u00e8ncia al client.<\/span><\/p><p><b style=\"text-align: var(--text-align); font-size: 1rem;\"><u>M\u00e0rqueting: <\/u><\/b><span style=\"text-align: var(--text-align); font-size: 1rem;\">Per enviar informaci\u00f3 promocional, ofertes, butlletins i altres materials de m\u00e0rqueting relacionats amb els nostres productes i serveis, sempre que l'usuari hagi donat el vostre consentiment previ.<\/span><\/p><p><b style=\"text-align: var(--text-align); font-size: 1rem;\"><u>An\u00e0lisi i millora: <\/u><\/b><span style=\"text-align: var(--text-align); font-size: 1rem;\">Per millorar el nostre lloc web, productes i serveis, i comprendre millor les prefer\u00e8ncies dels usuaris.<\/span><\/p><p><b>Base legal per al tractament de dades.<\/b><\/p><p><span style=\"text-align: var(--text-align); font-size: 1rem;\">La base legal per al tractament de dades personals pot ser l\u201fexecuci\u00f3 d\u201fun contracte, el compliment d\u201fobligacions legals, el consentiment de l\u201fusuari, o l\u201finter\u00e8s leg\u00edtim de Gattnau en la millora dels seus productes i serveis.<\/span><\/p><p><b><span style=\"text-align: var(--text-align); font-size: 1rem;\">Compartir dades personals.<\/span><\/b><\/p><p>No compartim dades personals amb tercers, llevat que sigui necessari per complir amb obligacions legals o per a la prestaci\u00f3 de serveis, cas en qu\u00e8 es prendran les mesures adequades per garantir la seguretat i confidencialitat de les dades.<\/p><p><span style=\"font-size: 1rem; text-align: var(--text-align);\"><b>Contingut incrustat daltres llocs web.<\/b><\/span><\/p><p>Text suggerit: Els articles d'aquest lloc web poden incloure contingut incrustat (per exemple, v\u00eddeos, imatges, articles, etc.). El contingut incrustat d'altres webs es comporta exactament de la mateixa manera que si el visitant hagu\u00e9s visitat l'altra web.<\/p><p>Aquestes webs poden recopilar dades sobre tu, utilitzar cookies, incrustar un seguiment addicional de tercers, i supervisar la teva interacci\u00f3 amb aquest contingut incrustat, incl\u00f2s el seguiment de la teva interacci\u00f3 amb el contingut incrustat si tens un compte i est\u00e0s connectat a aquest web.<\/p><p><b>Amb qui compartim les teves dades.<br \/><\/b>Si sol\u00b7liciteu un restabliment de contrasenya, la vostra adre\u00e7a IP s'inclour\u00e0 al correu electr\u00f2nic de restabliment.<\/p><p><b>Quant de temps conservem les teves dades.<br \/><\/b>Si deixeu un comentari, el comentari i les seves metadades es conserven indefinidament. Aix\u00f2 \u00e9s perqu\u00e8 puguem recon\u00e8ixer i aprovar comentaris successius autom\u00e0ticament, en lloc de mantenir-los en una cua de moderaci\u00f3.<\/p><p>Dels usuaris que es registren a la nostra web (si n'hi ha), tamb\u00e9 emmagatzemem la informaci\u00f3 personal que proporcionen al vostre perfil d'usuari. Tots els usuaris poden veure, editar o eliminar la vostra informaci\u00f3 personal en qualsevol moment (excepte que no poden canviar el vostre nom d'usuari). Els administradors de la web tamb\u00e9 poden veure i editar aquesta informaci\u00f3.<\/p><p><b>Drets dels usuaris.<\/b><\/p><p>Els usuaris tenen drets en relaci\u00f3 amb les vostres dades personals, que inclouen el dret d'acc\u00e9s, rectificaci\u00f3, supressi\u00f3, limitaci\u00f3 del tractament, oposici\u00f3 i portabilitat de dades. Els usuaris poden exercir aquests drets enviant una sol\u00b7licitud per escrit a l'adre\u00e7a de correu electr\u00f2nic proporcionada a la secci\u00f3 1 d'aquesta pol\u00edtica.<\/p><p><b style=\"text-align: var(--text-align); font-size: 1rem;\">Seguretat de les dades.<\/b><\/p><p><span style=\"text-align: var(--text-align); font-size: 1rem;\">Gattnau es compromet a mantenir la seguretat de les dades personals ia prendre les mesures t\u00e8cniques i organitzatives necess\u00e0ries per protegir-les.<\/span><\/p><p><b>Canvis en la pol\u00edtica de privadesa.<\/b><\/p><p>Aquesta pol\u00edtica de privadesa pot ser actualitzada peri\u00f2dicament. La data de la darrera actualitzaci\u00f3 s'indicar\u00e0 al comen\u00e7ament del document.<\/p><p><span style=\"text-align: var(--text-align); font-size: 1rem;\">Et recomanem revisar aquesta pol\u00edtica regularment per estar al corrent de qualsevol canvi. L'\u00fas continuat del nostre lloc web despr\u00e9s de qualsevol modificaci\u00f3 implica l'acceptaci\u00f3 de la nova pol\u00edtica de privadesa.<\/span><\/p><p><b style=\"text-align: var(--text-align); font-size: 1rem;\">Contacte.<\/b><\/p><p><span style=\"text-align: var(--text-align); font-size: 1rem;\">Si tens alguna pregunta o inquietud relacionada amb aquesta pol\u00edtica de privadesa, si us plau contacta'ns a trav\u00e9s de l'adre\u00e7a de correu electr\u00f2nic proporcionada <b>gattnaushop@gmail.com<\/b><\/span><\/p><p>Aquesta pol\u00edtica de privadesa \u00e9s un model gen\u00e8ric. Assegureu-vos que compleix les lleis i regulacions de privadesa vigents al teu pa\u00eds i s'adapti a les teves necessitats espec\u00edfiques.<\/p>\t\t\t\t\t\t\t\t<\/div>\n\t\t\t\t<\/div>\n\t\t\t\t\t<\/div>\n\t\t\t\t<\/div>\n\t\t\t\t<\/div>","protected":false},"excerpt":{"rendered":"<p>Pol\u00edtica de Privacidad. Fecha de \u00faltima actualizaci\u00f3n: Octubre 2023 Qui\u00e9nes somos. Gattnau Comentarios.Cuando los visitantes dejan comentarios en la web, recopilamos los datos que se muestran en el formulario de comentarios, as\u00ed como la direcci\u00f3n IP del visitante y la cadena de agentes de usuario del navegador para ayudar a la detecci\u00f3n de spam. Medios. [&hellip;]<\/p>","protected":false},"author":1,"featured_media":0,"parent":0,"menu_order":0,"comment_status":"closed","ping_status":"closed","template":"","meta":{"_monsterinsights_skip_tracking":false,"_monsterinsights_sitenote_active":false,"_monsterinsights_sitenote_note":"","_monsterinsights_sitenote_category":0,"_uf_show_specific_survey":0,"_uf_disable_surveys":false,"footnotes":""},"class_list":["post-520","page","type-page","status-publish","hentry"],"_links":{"self":[{"href":"https:\/\/gattnau.com\/cat\/wp-json\/wp\/v2\/pages\/520","targetHints":{"allow":["GET"]}}],"collection":[{"href":"https:\/\/gattnau.com\/cat\/wp-json\/wp\/v2\/pages"}],"about":[{"href":"https:\/\/gattnau.com\/cat\/wp-json\/wp\/v2\/types\/page"}],"author":[{"embeddable":true,"href":"https:\/\/gattnau.com\/cat\/wp-json\/wp\/v2\/users\/1"}],"replies":[{"embeddable":true,"href":"https:\/\/gattnau.com\/cat\/wp-json\/wp\/v2\/comments?post=520"}],"version-history":[{"count":6,"href":"https:\/\/gattnau.com\/cat\/wp-json\/wp\/v2\/pages\/520\/revisions"}],"predecessor-version":[{"id":23495,"href":"https:\/\/gattnau.com\/cat\/wp-json\/wp\/v2\/pages\/520\/revisions\/23495"}],"wp:attachment":[{"href":"https:\/\/gattnau.com\/cat\/wp-json\/wp\/v2\/media?parent=520"}],"curies":[{"name":"wp","href":"https:\/\/api.w.org\/{rel}","templated":true}]}}