{"id":325,"date":"2023-10-19T18:18:32","date_gmt":"2023-10-19T18:18:32","guid":{"rendered":"https:\/\/gattnau.com\/?page_id=325"},"modified":"2025-01-21T15:26:13","modified_gmt":"2025-01-21T15:26:13","slug":"aviso-legal","status":"publish","type":"page","link":"https:\/\/gattnau.com\/cat\/aviso-legal\/","title":{"rendered":"Av\u00eds legal"},"content":{"rendered":"<div data-elementor-type=\"wp-page\" data-elementor-id=\"325\" class=\"elementor elementor-325\" data-elementor-post-type=\"page\">\n\t\t\t\t<div class=\"elementor-element elementor-element-3e0bc0f e-flex e-con-boxed e-con e-parent\" data-id=\"3e0bc0f\" data-element_type=\"container\" data-settings=\"{&quot;background_background&quot;:&quot;classic&quot;}\">\n\t\t\t\t\t<div class=\"e-con-inner\">\n\t\t\t\t<div class=\"elementor-element elementor-element-bfd23e5 elementor-widget elementor-widget-heading\" data-id=\"bfd23e5\" data-element_type=\"widget\" data-widget_type=\"heading.default\">\n\t\t\t\t<div class=\"elementor-widget-container\">\n\t\t\t\t\t<h2 class=\"elementor-heading-title elementor-size-default\">Av\u00eds legal<\/h2>\t\t\t\t<\/div>\n\t\t\t\t<\/div>\n\t\t\t\t<div class=\"elementor-element elementor-element-cd20231 elementor-widget elementor-widget-text-editor\" data-id=\"cd20231\" data-element_type=\"widget\" data-widget_type=\"text-editor.default\">\n\t\t\t\t<div class=\"elementor-widget-container\">\n\t\t\t\t\t\t\t\t\t<p><b><span style=\"text-align: var(--text-align); font-size: 1rem;\">Dades de l'empresa:<\/span><br \/><\/b><\/p><p>Nom de l'empresa: Gattnau<br \/>Adre\u00e7a: Av. Rep\u00fablica Argentina, 25, planta 9<br \/>Correu electr\u00f2nic: gattnaushop@gmail.com<\/p><p><b><u><span style=\"text-align: var(--text-align); font-size: 1rem;\">Condicions d'\u00fas del lloc web:<\/span><br \/><\/u><\/b><\/p><p><b>Objecte i acceptaci\u00f3.<\/b> Aquest av\u00eds legal regula l'\u00fas del lloc web\u00a0<a href=\"https:\/\/gattnau.com\/cat\/\" target=\"_blank\" rel=\"noopener\">gattnau.com<\/a>\u00a0(d'ara endavant, el \u201cLloc Web\u201d). La navegaci\u00f3 pel Lloc Web atribueix la seva condici\u00f3 d'usuari i implica l'acceptaci\u00f3 plena i sense reserves de totes les disposicions incloses en aquest Av\u00eds Legal.<\/p><p><b>Condicions d\u00fas.<\/b> L'usuari es compromet a utilitzar el Lloc Web de conformitat amb la llei, aquest av\u00eds legal, i les condicions particulars, si n'hi hagu\u00e9s. Aix\u00ed mateix, es compromet a no utilitzar el Lloc Web amb fins il\u00b7l\u00edcits o lesius, o que puguin causar perjudici o impedir el funcionament normal del Lloc Web.<\/p><p><b>Propietat intel\u00b7lectual i industrial.<\/b> Els continguts del Lloc Web, incloent-hi textos, imatges, logotips, dissenys, marques, i qualsevol altre element susceptible de protecci\u00f3, estan subjectes a drets de propietat intel\u00b7lectual i industrial de Gattnau o de tercers autoritzats. L'acc\u00e9s al Lloc Web no implica la ren\u00fancia, transmissi\u00f3 ni cessi\u00f3 total ni parcial dels drets esmentats.<\/p><p><b>Pol\u00edtica de privadesa.<\/b> La recopilaci\u00f3 i tractament de dades personals es regir\u00e0 per la nostra Pol\u00edtica de Privadesa, que pots consultar<strong> <a href=\"https:\/\/gattnau.com\/cat\/politica-de-privacidad\/\">la Pol\u00edtica de Privadesa.<\/a><\/strong><\/p><p><b>Limitaci\u00f3 de responsabilitat.<\/b> Gattnau no es fa responsable dels possibles danys o perjudicis que es puguin derivar d'interfer\u00e8ncies, omissions, interrupcions, virus inform\u00e0tics, avaries telef\u00f2niques o desconnexions en el funcionament del sistema electr\u00f2nic, motivades per causes alienes a Gattnau.<\/p><p><b>Legislaci\u00f3 aplicable.<\/b> Aquest Av\u00eds Legal es regeix en tots i cadascun dels seus extrems per la legislaci\u00f3 espanyola. En cas de discrep\u00e0ncia o controv\u00e8rsia, les parts se sotmeten a la jurisdicci\u00f3 dels jutjats i els tribunals de Sevilla.<\/p><p><b>Modificacions i actualitzacions.<\/b><\/p><p><span style=\"text-align: var(--text-align); font-size: 1rem;\">Gattnau es reserva el dret de realitzar modificacions i actualitzacions al contingut d'aquest Av\u00eds Legal quan ho consideri necessari. Et recomanem revisar peri\u00f2dicament aquest av\u00eds per estar al corrent de possibles canvis.<\/span><\/p>\t\t\t\t\t\t\t\t<\/div>\n\t\t\t\t<\/div>\n\t\t\t\t\t<\/div>\n\t\t\t\t<\/div>\n\t\t\t\t<\/div>","protected":false},"excerpt":{"rendered":"<p>Aviso legal. Datos de la empresa: Nombre de la empresa: GattnauDirecci\u00f3n: Av. Rep\u00fablica Argentina, 25, planta 9Correo electr\u00f3nico: gattnaushop@gmail.com Condiciones de uso del sitio web: Objeto y aceptaci\u00f3n. El presente aviso legal regula el uso del sitio web\u00a0gattnau.com\u00a0(en adelante, el &#8220;Sitio Web&#8221;). La navegaci\u00f3n por el Sitio Web atribuye la condici\u00f3n de usuario del mismo [&hellip;]<\/p>","protected":false},"author":1,"featured_media":0,"parent":0,"menu_order":0,"comment_status":"closed","ping_status":"closed","template":"","meta":{"_monsterinsights_skip_tracking":false,"_monsterinsights_sitenote_active":false,"_monsterinsights_sitenote_note":"","_monsterinsights_sitenote_category":0,"_uf_show_specific_survey":0,"_uf_disable_surveys":false,"footnotes":""},"class_list":["post-325","page","type-page","status-publish","hentry"],"_links":{"self":[{"href":"https:\/\/gattnau.com\/cat\/wp-json\/wp\/v2\/pages\/325","targetHints":{"allow":["GET"]}}],"collection":[{"href":"https:\/\/gattnau.com\/cat\/wp-json\/wp\/v2\/pages"}],"about":[{"href":"https:\/\/gattnau.com\/cat\/wp-json\/wp\/v2\/types\/page"}],"author":[{"embeddable":true,"href":"https:\/\/gattnau.com\/cat\/wp-json\/wp\/v2\/users\/1"}],"replies":[{"embeddable":true,"href":"https:\/\/gattnau.com\/cat\/wp-json\/wp\/v2\/comments?post=325"}],"version-history":[{"count":4,"href":"https:\/\/gattnau.com\/cat\/wp-json\/wp\/v2\/pages\/325\/revisions"}],"predecessor-version":[{"id":23498,"href":"https:\/\/gattnau.com\/cat\/wp-json\/wp\/v2\/pages\/325\/revisions\/23498"}],"wp:attachment":[{"href":"https:\/\/gattnau.com\/cat\/wp-json\/wp\/v2\/media?parent=325"}],"curies":[{"name":"wp","href":"https:\/\/api.w.org\/{rel}","templated":true}]}}