{"id":25345,"date":"2025-09-07T16:26:35","date_gmt":"2025-09-07T16:26:35","guid":{"rendered":"https:\/\/gattnau.com\/?page_id=25345"},"modified":"2025-09-07T16:36:50","modified_gmt":"2025-09-07T16:36:50","slug":"camisetas","status":"publish","type":"page","link":"https:\/\/gattnau.com\/cat\/camisetas\/","title":{"rendered":"Samarretes"},"content":{"rendered":"<div data-elementor-type=\"wp-page\" data-elementor-id=\"25345\" class=\"elementor elementor-25345\" data-elementor-post-type=\"page\">\n\t\t\t\t<div class=\"elementor-element elementor-element-bbcd13c e-con-full e-flex e-con e-parent\" data-id=\"bbcd13c\" data-element_type=\"container\" data-settings=\"{&quot;background_background&quot;:&quot;slideshow&quot;,&quot;background_slideshow_gallery&quot;:[{&quot;id&quot;:25324,&quot;url&quot;:&quot;https:\\\/\\\/gattnau.com\\\/wp-content\\\/uploads\\\/2025\\\/09\\\/IMG_6203.jpg&quot;},{&quot;id&quot;:25317,&quot;url&quot;:&quot;https:\\\/\\\/gattnau.com\\\/wp-content\\\/uploads\\\/2025\\\/09\\\/Diseno-sin-titulo-2025-09-07T180830.061.png&quot;},{&quot;id&quot;:25318,&quot;url&quot;:&quot;https:\\\/\\\/gattnau.com\\\/wp-content\\\/uploads\\\/2025\\\/09\\\/IMG_6207.jpg&quot;},{&quot;id&quot;:25320,&quot;url&quot;:&quot;https:\\\/\\\/gattnau.com\\\/wp-content\\\/uploads\\\/2025\\\/09\\\/IMG_6252.jpg&quot;},{&quot;id&quot;:25328,&quot;url&quot;:&quot;https:\\\/\\\/gattnau.com\\\/wp-content\\\/uploads\\\/2025\\\/09\\\/IMG_6164.jpg&quot;},{&quot;id&quot;:25334,&quot;url&quot;:&quot;https:\\\/\\\/gattnau.com\\\/wp-content\\\/uploads\\\/2025\\\/09\\\/IMG_6261.jpg&quot;},{&quot;id&quot;:25331,&quot;url&quot;:&quot;https:\\\/\\\/gattnau.com\\\/wp-content\\\/uploads\\\/2025\\\/09\\\/IMG_6181.jpg&quot;},{&quot;id&quot;:25330,&quot;url&quot;:&quot;https:\\\/\\\/gattnau.com\\\/wp-content\\\/uploads\\\/2025\\\/09\\\/IMG_6185.jpg&quot;},{&quot;id&quot;:25321,&quot;url&quot;:&quot;https:\\\/\\\/gattnau.com\\\/wp-content\\\/uploads\\\/2025\\\/09\\\/oversized-faded-t-shirt-faded-bone-front-68bb17a8055ab.png&quot;},{&quot;id&quot;:25329,&quot;url&quot;:&quot;https:\\\/\\\/gattnau.com\\\/wp-content\\\/uploads\\\/2025\\\/09\\\/IMG_6172.jpg&quot;},{&quot;id&quot;:25319,&quot;url&quot;:&quot;https:\\\/\\\/gattnau.com\\\/wp-content\\\/uploads\\\/2025\\\/09\\\/IMG_6241.jpg&quot;}],&quot;background_slideshow_loop&quot;:&quot;yes&quot;,&quot;background_slideshow_slide_duration&quot;:5000,&quot;background_slideshow_slide_transition&quot;:&quot;fade&quot;,&quot;background_slideshow_transition_duration&quot;:500}\">\n\t\t<div class=\"elementor-element elementor-element-f05c600 e-con-full e-flex e-con e-child\" data-id=\"f05c600\" data-element_type=\"container\" data-settings=\"{&quot;background_background&quot;:&quot;slideshow&quot;,&quot;background_slideshow_slide_duration&quot;:2000,&quot;background_slideshow_transition_duration&quot;:200,&quot;background_slideshow_gallery&quot;:[],&quot;background_slideshow_loop&quot;:&quot;yes&quot;,&quot;background_slideshow_slide_transition&quot;:&quot;fade&quot;,&quot;background_motion_fx_devices&quot;:[&quot;desktop&quot;,&quot;tablet&quot;,&quot;mobile&quot;]}\">\n\t\t\t\t<div class=\"elementor-element elementor-element-c0e2f7b elementor-widget elementor-widget-heading\" data-id=\"c0e2f7b\" data-element_type=\"widget\" data-settings=\"{&quot;motion_fx_motion_fx_scrolling&quot;:&quot;yes&quot;,&quot;motion_fx_translateY_effect&quot;:&quot;yes&quot;,&quot;motion_fx_translateY_direction&quot;:&quot;negative&quot;,&quot;motion_fx_translateY_speed&quot;:{&quot;unit&quot;:&quot;px&quot;,&quot;size&quot;:10,&quot;sizes&quot;:[]},&quot;motion_fx_translateY_affectedRange&quot;:{&quot;unit&quot;:&quot;%&quot;,&quot;size&quot;:&quot;&quot;,&quot;sizes&quot;:{&quot;start&quot;:0,&quot;end&quot;:100}},&quot;motion_fx_devices&quot;:[&quot;desktop&quot;,&quot;tablet&quot;,&quot;mobile&quot;]}\" data-widget_type=\"heading.default\">\n\t\t\t\t<div class=\"elementor-widget-container\">\n\t\t\t\t\t<h2 class=\"elementor-heading-title elementor-size-default\">Samarretes<\/h2>\t\t\t\t<\/div>\n\t\t\t\t<\/div>\n\t\t\t\t<\/div>\n\t\t\t\t<\/div>\n\t\t<div class=\"elementor-element elementor-element-eb66ecd e-flex e-con-boxed e-con e-parent\" data-id=\"eb66ecd\" data-element_type=\"container\">\n\t\t\t\t\t<div class=\"e-con-inner\">\n\t\t\t\t<div class=\"elementor-element elementor-element-700d6c1 elementor-invisible elementor-widget elementor-widget-eael-woo-product-carousel\" data-id=\"700d6c1\" data-element_type=\"widget\" data-settings=\"{&quot;_animation&quot;:&quot;fadeInUp&quot;}\" data-widget_type=\"eael-woo-product-carousel.default\">\n\t\t\t\t<div class=\"elementor-widget-container\">\n\t\t\t\t\t\n        <div class=\"swiper-container-wrap eael-woo-product-carousel-container preset-3\" id=\"eael-product-carousel-700d6c1\" data-widget-id=\"700d6c1\" >\n            <div class=\"woocommerce swiper swiper-8 eael-woo-product-carousel swiper-container-700d6c1 eael-product-appender-700d6c1 eael-static-buttons\" data-pagination=\".swiper-pagination-700d6c1\" data-arrow-next=\".swiper-button-next-700d6c1\" data-arrow-prev=\".swiper-button-prev-700d6c1\" data-type=\"preset-3\" data-effect=\"slide\" data-items=\"2\" data-slide-items=\"1\" data-items-mobile=\"1\" data-slide-items-mobile=\"1\" data-items-tablet=\"3\" data-margin=\"24\" data-speed=\"400\" data-autoplay=\"0\"><div class=\"swiper-wrapper products\">    <div class=\"product swiper-slide post-25216 type-product status-publish has-post-thumbnail product_cat-camisetas first outofstock taxable shipping-taxable purchasable product-type-variable\">\n        <div class=\"eael-product-carousel\">\n            <div class=\"product-image-wrap\">\n                <div class=\"image-wrap\">\n                    <span class=\"eael-onsale outofstock sale-preset-3\">ESGOTAT<\/span><a href=\"https:\/\/gattnau.com\/cat\/producte\/camiseta-vermut\/\" class=\"woocommerce-LoopProduct-link woocommerce-loop-product__link\"><img fetchpriority=\"high\" decoding=\"async\" width=\"500\" height=\"700\" src=\"https:\/\/gattnau.com\/wp-content\/uploads\/2025\/09\/Diseno-sin-titulo-2025-09-07T180930.674.png\" class=\"attachment-full size-full\" alt=\"CAMISETA VERMUT\" loading=\"eager\" srcset=\"https:\/\/gattnau.com\/wp-content\/uploads\/2025\/09\/Diseno-sin-titulo-2025-09-07T180930.674.png 500w, https:\/\/gattnau.com\/wp-content\/uploads\/2025\/09\/Diseno-sin-titulo-2025-09-07T180930.674-214x300.png 214w, https:\/\/gattnau.com\/wp-content\/uploads\/2025\/09\/Diseno-sin-titulo-2025-09-07T180930.674-110x154.png 110w, https:\/\/gattnau.com\/wp-content\/uploads\/2025\/09\/Diseno-sin-titulo-2025-09-07T180930.674-60x84.png 60w\" sizes=\"(max-width: 500px) 100vw, 500px\" \/><\/a>                <\/div>\n                <div class=\"image-hover-wrap\">\n                    <ul class=\"icons-wrap block-style\">\n                                                    <li class=\"add-to-cart\"><a href=\"https:\/\/gattnau.com\/cat\/producte\/camiseta-vermut\/\" aria-describedby=\"woocommerce_loop_add_to_cart_link_describedby_25216\" data-quantity=\"1\" class=\"button product_type_variable\" data-product_id=\"25216\" data-product_sku=\"C-VER-BLA\" aria-label=\"Selecciona opcions per a \u201cCAMISETA VERMUT\u201d\" rel=\"nofollow\" data-no-translation=\"\" data-trp-gettext=\"\" data-no-translation-aria-label=\"\">Selecciona opcions<\/a>\t<span id=\"woocommerce_loop_add_to_cart_link_describedby_25216\" class=\"screen-reader-text\">\n\t\tAquest producte t\u00e9 diverses variants. Les opcions es poden triar a la p\u00e0gina del producte\t<\/span>\n<\/li>\n                        \t                                                <li class=\"eael-product-quick-view\">\n                                <a id=\"eael_quick_view_69e176bf4fc9f\" data-quickview-setting=\"{&quot;widget_id&quot;:&quot;700d6c1&quot;,&quot;product_id&quot;:25216,&quot;page_id&quot;:25345}\"\n                                   class=\"open-popup-link\">\n                                    <i class=\"fas fa-eye\"><\/i>\n                                <\/a>\n                            <\/li>\n\t                                            <li class=\"view-details\"><a href=\"https:\/\/gattnau.com\/cat\/producte\/camiseta-vermut\/\"><i class=\"fas fa-link\"><\/i><\/a><\/li>\n\n                    <\/ul>\n                                    <\/div>\n            <\/div>\n            <div class=\"product-details-wrap\">\n\t            <div class=\"eael-product-title\"><a href=\"https:\/\/gattnau.com\/cat\/producte\/camiseta-vermut\/\" class=\"woocommerce-LoopProduct-link woocommerce-loop-product__link\"><h2>SAMARRETA VERMUT<\/h2><\/a><\/div><div class=\"eael-product-price\"><span class=\"woocommerce-Price-amount amount\"><bdi>40,00&nbsp;<span class=\"woocommerce-Price-currencySymbol\">\u20ac<\/span><\/bdi><\/span><\/div>\n            <\/div>\n        <\/div>\n\t<\/div>\n        <div class=\"product swiper-slide post-25206 type-product status-publish has-post-thumbnail product_cat-camisetas  outofstock taxable shipping-taxable purchasable product-type-variable\">\n        <div class=\"eael-product-carousel\">\n            <div class=\"product-image-wrap\">\n                <div class=\"image-wrap\">\n                    <span class=\"eael-onsale outofstock sale-preset-3\">ESGOTAT<\/span><a href=\"https:\/\/gattnau.com\/cat\/producte\/camiseta-no-puc-mes\/\" class=\"woocommerce-LoopProduct-link woocommerce-loop-product__link\"><img decoding=\"async\" width=\"500\" height=\"700\" src=\"https:\/\/gattnau.com\/wp-content\/uploads\/2025\/09\/Diseno-sin-titulo-2025-09-07T180830.061.png\" class=\"attachment-full size-full\" alt=\"CAMISETA NO PUC M\u00c9S\" loading=\"eager\" srcset=\"https:\/\/gattnau.com\/wp-content\/uploads\/2025\/09\/Diseno-sin-titulo-2025-09-07T180830.061.png 500w, https:\/\/gattnau.com\/wp-content\/uploads\/2025\/09\/Diseno-sin-titulo-2025-09-07T180830.061-214x300.png 214w, https:\/\/gattnau.com\/wp-content\/uploads\/2025\/09\/Diseno-sin-titulo-2025-09-07T180830.061-110x154.png 110w, https:\/\/gattnau.com\/wp-content\/uploads\/2025\/09\/Diseno-sin-titulo-2025-09-07T180830.061-60x84.png 60w\" sizes=\"(max-width: 500px) 100vw, 500px\" \/><\/a>                <\/div>\n                <div class=\"image-hover-wrap\">\n                    <ul class=\"icons-wrap block-style\">\n                                                    <li class=\"add-to-cart\"><a href=\"https:\/\/gattnau.com\/cat\/producte\/camiseta-no-puc-mes\/\" aria-describedby=\"woocommerce_loop_add_to_cart_link_describedby_25206\" data-quantity=\"1\" class=\"button product_type_variable\" data-product_id=\"25206\" data-product_sku=\"C-NPM-BLA\" aria-label=\"Selecciona opcions per a \u201cCAMISETA NO PUC M\u00c9S\u201d\" rel=\"nofollow\" data-no-translation=\"\" data-trp-gettext=\"\" data-no-translation-aria-label=\"\">Selecciona opcions<\/a>\t<span id=\"woocommerce_loop_add_to_cart_link_describedby_25206\" class=\"screen-reader-text\">\n\t\tAquest producte t\u00e9 diverses variants. Les opcions es poden triar a la p\u00e0gina del producte\t<\/span>\n<\/li>\n                        \t                                                <li class=\"eael-product-quick-view\">\n                                <a id=\"eael_quick_view_69e176bf50c51\" data-quickview-setting=\"{&quot;widget_id&quot;:&quot;700d6c1&quot;,&quot;product_id&quot;:25206,&quot;page_id&quot;:25345}\"\n                                   class=\"open-popup-link\">\n                                    <i class=\"fas fa-eye\"><\/i>\n                                <\/a>\n                            <\/li>\n\t                                            <li class=\"view-details\"><a href=\"https:\/\/gattnau.com\/cat\/producte\/camiseta-no-puc-mes\/\"><i class=\"fas fa-link\"><\/i><\/a><\/li>\n\n                    <\/ul>\n                                    <\/div>\n            <\/div>\n            <div class=\"product-details-wrap\">\n\t            <div class=\"eael-product-title\"><a href=\"https:\/\/gattnau.com\/cat\/producte\/camiseta-no-puc-mes\/\" class=\"woocommerce-LoopProduct-link woocommerce-loop-product__link\"><h2>CAMISETA NO PUC M\u00c9S<\/h2><\/a><\/div><div class=\"eael-product-price\"><span class=\"woocommerce-Price-amount amount\"><bdi>40,00&nbsp;<span class=\"woocommerce-Price-currencySymbol\">\u20ac<\/span><\/bdi><\/span><\/div>\n            <\/div>\n        <\/div>\n\t<\/div>\n    <\/div><\/div>        <\/div>\n        \t\t\t\t<\/div>\n\t\t\t\t<\/div>\n\t\t\t\t<div class=\"elementor-element elementor-element-e9d99d2 elementor-hidden-desktop elementor-hidden-tablet elementor-invisible elementor-widget elementor-widget-eael-woo-product-carousel\" data-id=\"e9d99d2\" data-element_type=\"widget\" data-settings=\"{&quot;_animation&quot;:&quot;fadeInUp&quot;}\" data-widget_type=\"eael-woo-product-carousel.default\">\n\t\t\t\t<div class=\"elementor-widget-container\">\n\t\t\t\t\t\n        <div class=\"swiper-container-wrap eael-woo-product-carousel-container preset-3\" id=\"eael-product-carousel-e9d99d2\" data-widget-id=\"e9d99d2\" >\n            <div class=\"woocommerce swiper swiper-8 eael-woo-product-carousel swiper-container-e9d99d2 eael-product-appender-e9d99d2 eael-static-buttons\" data-pagination=\".swiper-pagination-e9d99d2\" data-arrow-next=\".swiper-button-next-e9d99d2\" data-arrow-prev=\".swiper-button-prev-e9d99d2\" data-type=\"preset-3\" data-effect=\"slide\" data-items=\"2\" data-slide-items=\"1\" data-items-mobile=\"1\" data-slide-items-mobile=\"1\" data-items-tablet=\"3\" data-margin=\"24\" data-speed=\"400\" data-autoplay=\"0\"><div class=\"swiper-wrapper products\">    <div class=\"product swiper-slide post-25206 type-product status-publish has-post-thumbnail product_cat-camisetas  outofstock taxable shipping-taxable purchasable product-type-variable\">\n        <div class=\"eael-product-carousel\">\n            <div class=\"product-image-wrap\">\n                <div class=\"image-wrap\">\n                    <span class=\"eael-onsale outofstock sale-preset-3\">ESGOTAT<\/span><a href=\"https:\/\/gattnau.com\/cat\/producte\/camiseta-no-puc-mes\/\" class=\"woocommerce-LoopProduct-link woocommerce-loop-product__link\"><img decoding=\"async\" width=\"500\" height=\"700\" src=\"https:\/\/gattnau.com\/wp-content\/uploads\/2025\/09\/Diseno-sin-titulo-2025-09-07T180830.061.png\" class=\"attachment-full size-full\" alt=\"CAMISETA NO PUC M\u00c9S\" loading=\"eager\" srcset=\"https:\/\/gattnau.com\/wp-content\/uploads\/2025\/09\/Diseno-sin-titulo-2025-09-07T180830.061.png 500w, https:\/\/gattnau.com\/wp-content\/uploads\/2025\/09\/Diseno-sin-titulo-2025-09-07T180830.061-214x300.png 214w, https:\/\/gattnau.com\/wp-content\/uploads\/2025\/09\/Diseno-sin-titulo-2025-09-07T180830.061-110x154.png 110w, https:\/\/gattnau.com\/wp-content\/uploads\/2025\/09\/Diseno-sin-titulo-2025-09-07T180830.061-60x84.png 60w\" sizes=\"(max-width: 500px) 100vw, 500px\" \/><\/a>                <\/div>\n                <div class=\"image-hover-wrap\">\n                    <ul class=\"icons-wrap block-style\">\n                                                    <li class=\"add-to-cart\"><a href=\"https:\/\/gattnau.com\/cat\/producte\/camiseta-no-puc-mes\/\" aria-describedby=\"woocommerce_loop_add_to_cart_link_describedby_25206\" data-quantity=\"1\" class=\"button product_type_variable\" data-product_id=\"25206\" data-product_sku=\"C-NPM-BLA\" aria-label=\"Selecciona opcions per a \u201cCAMISETA NO PUC M\u00c9S\u201d\" rel=\"nofollow\" data-no-translation=\"\" data-trp-gettext=\"\" data-no-translation-aria-label=\"\">Selecciona opcions<\/a>\t<span id=\"woocommerce_loop_add_to_cart_link_describedby_25206\" class=\"screen-reader-text\">\n\t\tAquest producte t\u00e9 diverses variants. Les opcions es poden triar a la p\u00e0gina del producte\t<\/span>\n<\/li>\n                        \t                                                <li class=\"eael-product-quick-view\">\n                                <a id=\"eael_quick_view_69e176bf598d8\" data-quickview-setting=\"{&quot;widget_id&quot;:&quot;e9d99d2&quot;,&quot;product_id&quot;:25206,&quot;page_id&quot;:25345}\"\n                                   class=\"open-popup-link\">\n                                    <i class=\"fas fa-eye\"><\/i>\n                                <\/a>\n                            <\/li>\n\t                                            <li class=\"view-details\"><a href=\"https:\/\/gattnau.com\/cat\/producte\/camiseta-no-puc-mes\/\"><i class=\"fas fa-link\"><\/i><\/a><\/li>\n\n                    <\/ul>\n                                    <\/div>\n            <\/div>\n            <div class=\"product-details-wrap\">\n\t            <div class=\"eael-product-title\"><a href=\"https:\/\/gattnau.com\/cat\/producte\/camiseta-no-puc-mes\/\" class=\"woocommerce-LoopProduct-link woocommerce-loop-product__link\"><h2>CAMISETA NO PUC M\u00c9S<\/h2><\/a><\/div><div class=\"eael-product-price\"><span class=\"woocommerce-Price-amount amount\"><bdi>40,00&nbsp;<span class=\"woocommerce-Price-currencySymbol\">\u20ac<\/span><\/bdi><\/span><\/div>\n            <\/div>\n        <\/div>\n\t<\/div>\n    <\/div><\/div>        <\/div>\n        \t\t\t\t<\/div>\n\t\t\t\t<\/div>\n\t\t\t\t\t<\/div>\n\t\t\t\t<\/div>\n\t\t\t\t<\/div>","protected":false},"excerpt":{"rendered":"<p>Camisetas Seleccionar opciones Este producto tiene m\u00faltiples variantes. Las opciones se pueden elegir en la p\u00e1gina de producto CAMISETA VERMUT 40,00&nbsp;&euro; Seleccionar opciones Este producto tiene m\u00faltiples variantes. Las opciones se pueden elegir en la p\u00e1gina de producto CAMISETA NO PUC M\u00c9S 40,00&nbsp;&euro; Seleccionar opciones Este producto tiene m\u00faltiples variantes. Las opciones se pueden elegir [&hellip;]<\/p>","protected":false},"author":1,"featured_media":0,"parent":0,"menu_order":0,"comment_status":"closed","ping_status":"closed","template":"","meta":{"_monsterinsights_skip_tracking":false,"_monsterinsights_sitenote_active":false,"_monsterinsights_sitenote_note":"","_monsterinsights_sitenote_category":0,"_uf_show_specific_survey":0,"_uf_disable_surveys":false,"footnotes":""},"class_list":["post-25345","page","type-page","status-publish","hentry"],"_links":{"self":[{"href":"https:\/\/gattnau.com\/cat\/wp-json\/wp\/v2\/pages\/25345","targetHints":{"allow":["GET"]}}],"collection":[{"href":"https:\/\/gattnau.com\/cat\/wp-json\/wp\/v2\/pages"}],"about":[{"href":"https:\/\/gattnau.com\/cat\/wp-json\/wp\/v2\/types\/page"}],"author":[{"embeddable":true,"href":"https:\/\/gattnau.com\/cat\/wp-json\/wp\/v2\/users\/1"}],"replies":[{"embeddable":true,"href":"https:\/\/gattnau.com\/cat\/wp-json\/wp\/v2\/comments?post=25345"}],"version-history":[{"count":7,"href":"https:\/\/gattnau.com\/cat\/wp-json\/wp\/v2\/pages\/25345\/revisions"}],"predecessor-version":[{"id":25354,"href":"https:\/\/gattnau.com\/cat\/wp-json\/wp\/v2\/pages\/25345\/revisions\/25354"}],"wp:attachment":[{"href":"https:\/\/gattnau.com\/cat\/wp-json\/wp\/v2\/media?parent=25345"}],"curies":[{"name":"wp","href":"https:\/\/api.w.org\/{rel}","templated":true}]}}