{"id":23390,"date":"2025-01-09T14:53:18","date_gmt":"2025-01-09T14:53:18","guid":{"rendered":"https:\/\/gattnau.com\/?page_id=23390"},"modified":"2025-01-21T14:55:43","modified_gmt":"2025-01-21T14:55:43","slug":"envios","status":"publish","type":"page","link":"https:\/\/gattnau.com\/cat\/envios\/","title":{"rendered":"Env\u00edos"},"content":{"rendered":"<div data-elementor-type=\"wp-page\" data-elementor-id=\"23390\" class=\"elementor elementor-23390\" data-elementor-post-type=\"page\">\n\t\t\t\t<div class=\"elementor-element elementor-element-193f2de e-flex e-con-boxed e-con e-parent\" data-id=\"193f2de\" data-element_type=\"container\">\n\t\t\t\t\t<div class=\"e-con-inner\">\n\t\t\t\t<div class=\"elementor-element elementor-element-aabab39 elementor-widget elementor-widget-heading\" data-id=\"aabab39\" data-element_type=\"widget\" data-widget_type=\"heading.default\">\n\t\t\t\t<div class=\"elementor-widget-container\">\n\t\t\t\t\t<h2 class=\"elementor-heading-title elementor-size-default\">Enviament<\/h2>\t\t\t\t<\/div>\n\t\t\t\t<\/div>\n\t\t\t\t\t<\/div>\n\t\t\t\t<\/div>\n\t\t<div class=\"elementor-element elementor-element-0061464 e-flex e-con-boxed e-con e-parent\" data-id=\"0061464\" data-element_type=\"container\">\n\t\t\t\t\t<div class=\"e-con-inner\">\n\t\t\t\t<div class=\"elementor-element elementor-element-b1243d4 elementor-widget elementor-widget-text-editor\" data-id=\"b1243d4\" data-element_type=\"widget\" data-widget_type=\"text-editor.default\">\n\t\t\t\t<div class=\"elementor-widget-container\">\n\t\t\t\t\t\t\t\t\t<div class=\"PageContent PageContent--narrow Rte\"><p><b>POL\u00cdTICA D'ENVIAMENTS<\/b><\/p><p>\u00a0<\/p><p>Actualment venem els nostres productes a la Pen\u00ednsula Ib\u00e8rica. Cada comanda es prepara i envia en el moment en qu\u00e8 s'ha confirmat el pagament i en els horaris seg\u00fcents: de dilluns a divendres entre les 9:00 i les 14:00. Les comandes realitzades fora d'aquest horari es prepararan el dia laborable seg\u00fcent. No es fan enviaments els dissabtes, diumenges i festius. De moment no tenim enviaments urgents, les nostres trameses arriben entre 48h i 72h.<\/p><p>\u00a0<\/p><\/div><div class=\"PageContent PageContent--narrow Rte\"><p>Per garantir el lliurament de la teva comanda, \u00e9s essencial que omplis de manera completa i correcta l'adre\u00e7a d'enviament. \u00c9s aconsellable indicar un n\u00famero de tel\u00e8fon. Un cop feta la comanda, t'enviarem un email amb la confirmaci\u00f3 i si tens dubtes sempre pots escriure'ns per whatsapp o al email gattnaushop@gmail.com<\/p><\/div>\t\t\t\t\t\t\t\t<\/div>\n\t\t\t\t<\/div>\n\t\t\t\t<div class=\"elementor-element elementor-element-8dedf4f elementor-widget elementor-widget-spacer\" data-id=\"8dedf4f\" data-element_type=\"widget\" data-widget_type=\"spacer.default\">\n\t\t\t\t<div class=\"elementor-widget-container\">\n\t\t\t\t\t\t\t<div class=\"elementor-spacer\">\n\t\t\t<div class=\"elementor-spacer-inner\"><\/div>\n\t\t<\/div>\n\t\t\t\t\t\t<\/div>\n\t\t\t\t<\/div>\n\t\t\t\t\t<\/div>\n\t\t\t\t<\/div>\n\t\t\t\t<\/div>","protected":false},"excerpt":{"rendered":"<p>Env\u00edo POL\u00cdTICA DE ENV\u00cdOS \u00a0 Actualmente vendemos nuestros productos en la Pen\u00ednsula Ib\u00e9rica. Cada pedido se prepara y env\u00eda en el momento en el que se ha confirmado el pago y en los siguientes horarios: de lunes a viernes entre las 9:00 am y las 14:00 pm. Los pedidos realizados fuera de ese horario se [&hellip;]<\/p>","protected":false},"author":1,"featured_media":0,"parent":0,"menu_order":0,"comment_status":"closed","ping_status":"closed","template":"","meta":{"_monsterinsights_skip_tracking":false,"_monsterinsights_sitenote_active":false,"_monsterinsights_sitenote_note":"","_monsterinsights_sitenote_category":0,"_uf_show_specific_survey":0,"_uf_disable_surveys":false,"footnotes":""},"class_list":["post-23390","page","type-page","status-publish","hentry"],"_links":{"self":[{"href":"https:\/\/gattnau.com\/cat\/wp-json\/wp\/v2\/pages\/23390","targetHints":{"allow":["GET"]}}],"collection":[{"href":"https:\/\/gattnau.com\/cat\/wp-json\/wp\/v2\/pages"}],"about":[{"href":"https:\/\/gattnau.com\/cat\/wp-json\/wp\/v2\/types\/page"}],"author":[{"embeddable":true,"href":"https:\/\/gattnau.com\/cat\/wp-json\/wp\/v2\/users\/1"}],"replies":[{"embeddable":true,"href":"https:\/\/gattnau.com\/cat\/wp-json\/wp\/v2\/comments?post=23390"}],"version-history":[{"count":7,"href":"https:\/\/gattnau.com\/cat\/wp-json\/wp\/v2\/pages\/23390\/revisions"}],"predecessor-version":[{"id":23457,"href":"https:\/\/gattnau.com\/cat\/wp-json\/wp\/v2\/pages\/23390\/revisions\/23457"}],"wp:attachment":[{"href":"https:\/\/gattnau.com\/cat\/wp-json\/wp\/v2\/media?parent=23390"}],"curies":[{"name":"wp","href":"https:\/\/api.w.org\/{rel}","templated":true}]}}