{"id":23387,"date":"2025-01-09T14:52:52","date_gmt":"2025-01-09T14:52:52","guid":{"rendered":"https:\/\/gattnau.com\/?page_id=23387"},"modified":"2025-01-21T15:08:25","modified_gmt":"2025-01-21T15:08:25","slug":"cambios-y-devoluciones","status":"publish","type":"page","link":"https:\/\/gattnau.com\/cat\/cambios-y-devoluciones\/","title":{"rendered":"Cambios y devoluciones"},"content":{"rendered":"<div data-elementor-type=\"wp-page\" data-elementor-id=\"23387\" class=\"elementor elementor-23387\" data-elementor-post-type=\"page\">\n\t\t\t\t<div class=\"elementor-element elementor-element-fcd3b33 e-flex e-con-boxed e-con e-parent\" data-id=\"fcd3b33\" data-element_type=\"container\">\n\t\t\t\t\t<div class=\"e-con-inner\">\n\t\t\t\t<div class=\"elementor-element elementor-element-b56c3ec elementor-widget elementor-widget-heading\" data-id=\"b56c3ec\" data-element_type=\"widget\" data-widget_type=\"heading.default\">\n\t\t\t\t<div class=\"elementor-widget-container\">\n\t\t\t\t\t<h2 class=\"elementor-heading-title elementor-size-default\">Cambios y devoluciones<\/h2>\t\t\t\t<\/div>\n\t\t\t\t<\/div>\n\t\t\t\t\t<\/div>\n\t\t\t\t<\/div>\n\t\t<div class=\"elementor-element elementor-element-03d4c27 e-flex e-con-boxed e-con e-parent\" data-id=\"03d4c27\" data-element_type=\"container\">\n\t\t\t\t\t<div class=\"e-con-inner\">\n\t\t\t\t<div class=\"elementor-element elementor-element-a5d9cc3 elementor-widget elementor-widget-text-editor\" data-id=\"a5d9cc3\" data-element_type=\"widget\" data-widget_type=\"text-editor.default\">\n\t\t\t\t<div class=\"elementor-widget-container\">\n\t\t\t\t\t\t\t\t\t<div class=\"PageContent PageContent--narrow Rte\">\n\n<b>POL\u00cdTICA DE CANVIS I DEVOLUCIONS\n<\/b><br>\n<br>\n\nA Gattnau volem assegurar-nos que estiguis completament satisfet amb la teva compra. Per aix\u00f2, hem dissenyat una pol\u00edtica de canvis i devolucions secilla i clara per a les nostres gorres i gorres.\n<br>\n<br>\n<\/div>\n<b>CONDICIONS GENERALS\n<\/b>\n<br>\n<br>\n<ul>\n \t<li>Disposes de 30 dies naturals des de la data de compra per sol\u00b7licitar-nos un canvi o devoluci\u00f3 mitjan\u00e7ant whatsapp o escrivint a gattnaushop@gmail.com amb l'assumpte DEVOLUCI\u00d3.<\/li><br>\n \t<li>El producte ha d'estar en el seu estat original, sense senyals d'\u00fas, sense rentar i amb totes les etiquetes i empaquetatges originals.<\/li><br>\n\n \t<li>\u00c9s obligatori que ens envi\u00efs el comprovant de compra o n\u00famero de comanda perqu\u00e8 puguem localitzar la teva comanda.<\/li>\n<br>\n<\/ul>\n<b>PROCEDIMIENTO DE CAMBIO O DEVOLUCI\u00d3N<\/b>\n<br><br>\nSi el producte t'ha arribat en mal estat o no t'\u00e9s el que pensaves i no t'agrada, pots escriure'ns per whatsapp o al correu electr\u00f2nic indicat (gattnaushop@gmail.com) amb l'assumpte DEVOLUCI\u00d3 i el n\u00famero de la teva comanda.\n\nAdjunta'ns fotografies l'email o whatsapp en el cas que la teva comanda estigui en mal estat.\n\nEls reemborsaments poden trigar a veure's reflectit al teu compte entre 5 i 10 dies segons el banc.\n\nEl cost de l'enviament de les devolucions \u00e9s a compte del client. Us donarem l'adre\u00e7a per email o whatsapp quan procedim al reemborsament o la devoluci\u00f3.\n\nL'enviament d'un nou producte al vostre domicili corre per compte de Gattnau.\n<div class=\"PageContent PageContent--narrow Rte\">\n<br>\nRecorda que si tens dubtes o preguntes ens pots escriure a gattnaushop@gmail.com o per WhatsApp a l'acc\u00e9s directe de la p\u00e0gina web.\n\n<\/div>\t\t\t\t\t\t\t\t<\/div>\n\t\t\t\t<\/div>\n\t\t\t\t<div class=\"elementor-element elementor-element-75f8d8c elementor-widget elementor-widget-spacer\" data-id=\"75f8d8c\" data-element_type=\"widget\" data-widget_type=\"spacer.default\">\n\t\t\t\t<div class=\"elementor-widget-container\">\n\t\t\t\t\t\t\t<div class=\"elementor-spacer\">\n\t\t\t<div class=\"elementor-spacer-inner\"><\/div>\n\t\t<\/div>\n\t\t\t\t\t\t<\/div>\n\t\t\t\t<\/div>\n\t\t\t\t\t<\/div>\n\t\t\t\t<\/div>\n\t\t<div class=\"elementor-element elementor-element-2a302c5 e-flex e-con-boxed e-con e-parent\" data-id=\"2a302c5\" data-element_type=\"container\">\n\t\t\t\t\t<div class=\"e-con-inner\">\n\t\t\t\t\t<\/div>\n\t\t\t\t<\/div>\n\t\t\t\t<\/div>","protected":false},"excerpt":{"rendered":"<p>Cambios y devoluciones POL\u00cdTICA DE CAMBIOS Y DEVOLUCIONES En Gattnau queremos asegurarnos de que est\u00e9s completamente satisfecho con tu compra. Por eso, hemos dise\u00f1ado una pol\u00edtica de cambios y devoluciones secilla y clara para nuestros gorros y gorras. CONDICIONES GENERALES Dispones de 30 d\u00edas naturales desde la fecha de compra para solicitarnos un cambio o [&hellip;]<\/p>","protected":false},"author":1,"featured_media":0,"parent":0,"menu_order":0,"comment_status":"closed","ping_status":"closed","template":"","meta":{"_monsterinsights_skip_tracking":false,"_monsterinsights_sitenote_active":false,"_monsterinsights_sitenote_note":"","_monsterinsights_sitenote_category":0,"_uf_show_specific_survey":0,"_uf_disable_surveys":false,"footnotes":""},"class_list":["post-23387","page","type-page","status-publish","hentry"],"_links":{"self":[{"href":"https:\/\/gattnau.com\/cat\/wp-json\/wp\/v2\/pages\/23387","targetHints":{"allow":["GET"]}}],"collection":[{"href":"https:\/\/gattnau.com\/cat\/wp-json\/wp\/v2\/pages"}],"about":[{"href":"https:\/\/gattnau.com\/cat\/wp-json\/wp\/v2\/types\/page"}],"author":[{"embeddable":true,"href":"https:\/\/gattnau.com\/cat\/wp-json\/wp\/v2\/users\/1"}],"replies":[{"embeddable":true,"href":"https:\/\/gattnau.com\/cat\/wp-json\/wp\/v2\/comments?post=23387"}],"version-history":[{"count":4,"href":"https:\/\/gattnau.com\/cat\/wp-json\/wp\/v2\/pages\/23387\/revisions"}],"predecessor-version":[{"id":23460,"href":"https:\/\/gattnau.com\/cat\/wp-json\/wp\/v2\/pages\/23387\/revisions\/23460"}],"wp:attachment":[{"href":"https:\/\/gattnau.com\/cat\/wp-json\/wp\/v2\/media?parent=23387"}],"curies":[{"name":"wp","href":"https:\/\/api.w.org\/{rel}","templated":true}]}}