{"id":23365,"date":"2025-01-09T14:43:00","date_gmt":"2025-01-09T14:43:00","guid":{"rendered":"https:\/\/gattnau.com\/?page_id=23365"},"modified":"2025-06-10T09:10:54","modified_gmt":"2025-06-10T09:10:54","slug":"about-gattnau","status":"publish","type":"page","link":"https:\/\/gattnau.com\/cat\/about-gattnau\/","title":{"rendered":"About Gattnau"},"content":{"rendered":"<div data-elementor-type=\"wp-page\" data-elementor-id=\"23365\" class=\"elementor elementor-23365\" data-elementor-post-type=\"page\">\n\t\t\t\t<div class=\"elementor-element elementor-element-a71df2f e-flex e-con-boxed e-con e-parent\" data-id=\"a71df2f\" data-element_type=\"container\" data-settings=\"{&quot;background_background&quot;:&quot;slideshow&quot;,&quot;background_slideshow_gallery&quot;:[{&quot;id&quot;:23428,&quot;url&quot;:&quot;https:\\\/\\\/gattnau.com\\\/wp-content\\\/uploads\\\/2025\\\/01\\\/Captura-de-Pantalla-2025-01-13-a-las-17.01.12-1.png&quot;},{&quot;id&quot;:23429,&quot;url&quot;:&quot;https:\\\/\\\/gattnau.com\\\/wp-content\\\/uploads\\\/2025\\\/01\\\/Captura-de-Pantalla-2025-01-13-a-las-17.01.16-1.png&quot;},{&quot;id&quot;:23425,&quot;url&quot;:&quot;https:\\\/\\\/gattnau.com\\\/wp-content\\\/uploads\\\/2025\\\/01\\\/Captura-de-Pantalla-2025-01-13-a-las-17.01.07.png&quot;},{&quot;id&quot;:23424,&quot;url&quot;:&quot;https:\\\/\\\/gattnau.com\\\/wp-content\\\/uploads\\\/2025\\\/01\\\/Captura-de-Pantalla-2025-01-13-a-las-17.01.00.png&quot;}],&quot;background_slideshow_loop&quot;:&quot;yes&quot;,&quot;background_slideshow_slide_duration&quot;:5000,&quot;background_slideshow_slide_transition&quot;:&quot;fade&quot;,&quot;background_slideshow_transition_duration&quot;:500}\">\n\t\t\t\t\t<div class=\"e-con-inner\">\n\t\t\t\t<div class=\"elementor-element elementor-element-62be586 elementor-widget elementor-widget-heading\" data-id=\"62be586\" data-element_type=\"widget\" data-settings=\"{&quot;motion_fx_motion_fx_scrolling&quot;:&quot;yes&quot;,&quot;motion_fx_translateY_effect&quot;:&quot;yes&quot;,&quot;motion_fx_translateY_direction&quot;:&quot;negative&quot;,&quot;motion_fx_translateY_speed&quot;:{&quot;unit&quot;:&quot;px&quot;,&quot;size&quot;:10,&quot;sizes&quot;:[]},&quot;motion_fx_translateY_affectedRange&quot;:{&quot;unit&quot;:&quot;%&quot;,&quot;size&quot;:&quot;&quot;,&quot;sizes&quot;:{&quot;start&quot;:0,&quot;end&quot;:100}},&quot;motion_fx_devices&quot;:[&quot;desktop&quot;,&quot;tablet&quot;,&quot;mobile&quot;]}\" data-widget_type=\"heading.default\">\n\t\t\t\t<div class=\"elementor-widget-container\">\n\t\t\t\t\t<h2 class=\"elementor-heading-title elementor-size-default\">Manifest<br>Gattnau<\/h2>\t\t\t\t<\/div>\n\t\t\t\t<\/div>\n\t\t\t\t\t<\/div>\n\t\t\t\t<\/div>\n\t\t<div class=\"elementor-element elementor-element-27dca71 e-flex e-con-boxed e-con e-parent\" data-id=\"27dca71\" data-element_type=\"container\">\n\t\t\t\t\t<div class=\"e-con-inner\">\n\t\t\t\t<div class=\"elementor-element elementor-element-c7c965a elementor-widget elementor-widget-spacer\" data-id=\"c7c965a\" data-element_type=\"widget\" data-widget_type=\"spacer.default\">\n\t\t\t\t<div class=\"elementor-widget-container\">\n\t\t\t\t\t\t\t<div class=\"elementor-spacer\">\n\t\t\t<div class=\"elementor-spacer-inner\"><\/div>\n\t\t<\/div>\n\t\t\t\t\t\t<\/div>\n\t\t\t\t<\/div>\n\t\t\t\t<div class=\"elementor-element elementor-element-6198f87 elementor-widget elementor-widget-heading\" data-id=\"6198f87\" data-element_type=\"widget\" data-widget_type=\"heading.default\">\n\t\t\t\t<div class=\"elementor-widget-container\">\n\t\t\t\t\t<h2 class=\"elementor-heading-title elementor-size-default\">No som una marca.<br><span style=\"font-weight: normal\">Som una excusa per dir qu\u00e8 penses sense haver d'obrir la boca.<\/span><\/h2>\t\t\t\t<\/div>\n\t\t\t\t<\/div>\n\t\t\t\t<div class=\"elementor-element elementor-element-0eff860 elementor-widget elementor-widget-heading\" data-id=\"0eff860\" data-element_type=\"widget\" data-widget_type=\"heading.default\">\n\t\t\t\t<div class=\"elementor-widget-container\">\n\t\t\t\t\t<h2 class=\"elementor-heading-title elementor-size-default\">No seguim tend\u00e8ncies.<br>\n<span style=\"font-weight: normal\">Les mirem, riem una mica\u2026 i despr\u00e9s fem el que ens d\u00f3na la gana.<\/span><\/h2>\t\t\t\t<\/div>\n\t\t\t\t<\/div>\n\t\t\t\t<div class=\"elementor-element elementor-element-75ab6d4 elementor-widget elementor-widget-spacer\" data-id=\"75ab6d4\" data-element_type=\"widget\" data-widget_type=\"spacer.default\">\n\t\t\t\t<div class=\"elementor-widget-container\">\n\t\t\t\t\t\t\t<div class=\"elementor-spacer\">\n\t\t\t<div class=\"elementor-spacer-inner\"><\/div>\n\t\t<\/div>\n\t\t\t\t\t\t<\/div>\n\t\t\t\t<\/div>\n\t\t\t\t\t<\/div>\n\t\t\t\t<\/div>\n\t\t<div class=\"elementor-element elementor-element-8306701 e-flex e-con-boxed e-con e-parent\" data-id=\"8306701\" data-element_type=\"container\" data-settings=\"{&quot;background_background&quot;:&quot;classic&quot;}\">\n\t\t\t\t\t<div class=\"e-con-inner\">\n\t\t\t\t\t<\/div>\n\t\t\t\t<\/div>\n\t\t<div class=\"elementor-element elementor-element-9b44921 e-flex e-con-boxed e-con e-parent\" data-id=\"9b44921\" data-element_type=\"container\">\n\t\t\t\t\t<div class=\"e-con-inner\">\n\t\t\t\t<div class=\"elementor-element elementor-element-65085c3 elementor-widget elementor-widget-spacer\" data-id=\"65085c3\" data-element_type=\"widget\" data-widget_type=\"spacer.default\">\n\t\t\t\t<div class=\"elementor-widget-container\">\n\t\t\t\t\t\t\t<div class=\"elementor-spacer\">\n\t\t\t<div class=\"elementor-spacer-inner\"><\/div>\n\t\t<\/div>\n\t\t\t\t\t\t<\/div>\n\t\t\t\t<\/div>\n\t\t\t\t<div class=\"elementor-element elementor-element-74fa7b1 elementor-widget elementor-widget-heading\" data-id=\"74fa7b1\" data-element_type=\"widget\" data-widget_type=\"heading.default\">\n\t\t\t\t<div class=\"elementor-widget-container\">\n\t\t\t\t\t<h2 class=\"elementor-heading-title elementor-size-default\">Vam n\u00e9ixer per brodar-ho.\n<span style=\"font-weight: normal\">Literalment. Cada gorra que surt aqu\u00ed porta un missatge. No pas de moda, d'actitud.\n<\/span>\nSi et fa una mica de vergonya portar-la\u2026 probablement \u00e9s perfecta.\n<span style=\"font-weight: normal\">Perqu\u00e8 a Gattnau no vam dissenyar per passar desapercebuts.<\/span>\nDissenyem perqu\u00e8 et mirin. <span style=\"font-weight: normal\">Perqu\u00e8 preguntin. Perqu\u00e8 riguis.\nI, sobretot, perqu\u00e8 no et perdis entre la massa.<\/span><\/h2>\t\t\t\t<\/div>\n\t\t\t\t<\/div>\n\t\t\t\t<div class=\"elementor-element elementor-element-ccc04d3 elementor-widget elementor-widget-spacer\" data-id=\"ccc04d3\" data-element_type=\"widget\" data-widget_type=\"spacer.default\">\n\t\t\t\t<div class=\"elementor-widget-container\">\n\t\t\t\t\t\t\t<div class=\"elementor-spacer\">\n\t\t\t<div class=\"elementor-spacer-inner\"><\/div>\n\t\t<\/div>\n\t\t\t\t\t\t<\/div>\n\t\t\t\t<\/div>\n\t\t\t\t\t<\/div>\n\t\t\t\t<\/div>\n\t\t<div class=\"elementor-element elementor-element-c1c1465 e-flex e-con-boxed e-con e-parent\" data-id=\"c1c1465\" data-element_type=\"container\">\n\t\t\t\t\t<div class=\"e-con-inner\">\n\t\t\t\t<div class=\"elementor-element elementor-element-829aa24 elementor-widget elementor-widget-heading\" data-id=\"829aa24\" data-element_type=\"widget\" data-settings=\"{&quot;motion_fx_motion_fx_scrolling&quot;:&quot;yes&quot;,&quot;motion_fx_translateX_effect&quot;:&quot;yes&quot;,&quot;motion_fx_translateX_speed&quot;:{&quot;unit&quot;:&quot;px&quot;,&quot;size&quot;:4,&quot;sizes&quot;:[]},&quot;motion_fx_translateX_affectedRange&quot;:{&quot;unit&quot;:&quot;%&quot;,&quot;size&quot;:&quot;&quot;,&quot;sizes&quot;:{&quot;start&quot;:0,&quot;end&quot;:100}},&quot;motion_fx_devices&quot;:[&quot;desktop&quot;,&quot;tablet&quot;,&quot;mobile&quot;]}\" data-widget_type=\"heading.default\">\n\t\t\t\t<div class=\"elementor-widget-container\">\n\t\t\t\t\t<h2 class=\"elementor-heading-title elementor-size-default\">Gattnau no s'emporta, es vibra.<\/h2>\t\t\t\t<\/div>\n\t\t\t\t<\/div>\n\t\t\t\t<div class=\"elementor-element elementor-element-7c9071c elementor-widget elementor-widget-spacer\" data-id=\"7c9071c\" data-element_type=\"widget\" data-widget_type=\"spacer.default\">\n\t\t\t\t<div class=\"elementor-widget-container\">\n\t\t\t\t\t\t\t<div class=\"elementor-spacer\">\n\t\t\t<div class=\"elementor-spacer-inner\"><\/div>\n\t\t<\/div>\n\t\t\t\t\t\t<\/div>\n\t\t\t\t<\/div>\n\t\t\t\t\t<\/div>\n\t\t\t\t<\/div>\n\t\t<div class=\"elementor-element elementor-element-42775a7 e-flex e-con-boxed e-con e-parent\" data-id=\"42775a7\" data-element_type=\"container\" data-settings=\"{&quot;background_background&quot;:&quot;classic&quot;}\">\n\t\t\t\t\t<div class=\"e-con-inner\">\n\t\t\t\t\t<\/div>\n\t\t\t\t<\/div>\n\t\t<div class=\"elementor-element elementor-element-8f5906d e-flex e-con-boxed e-con e-parent\" data-id=\"8f5906d\" data-element_type=\"container\">\n\t\t\t\t\t<div class=\"e-con-inner\">\n\t\t\t\t<div class=\"elementor-element elementor-element-d3377bd elementor-widget elementor-widget-spacer\" data-id=\"d3377bd\" data-element_type=\"widget\" data-widget_type=\"spacer.default\">\n\t\t\t\t<div class=\"elementor-widget-container\">\n\t\t\t\t\t\t\t<div class=\"elementor-spacer\">\n\t\t\t<div class=\"elementor-spacer-inner\"><\/div>\n\t\t<\/div>\n\t\t\t\t\t\t<\/div>\n\t\t\t\t<\/div>\n\t\t\t\t<div class=\"elementor-element elementor-element-9d75e38 elementor-widget elementor-widget-heading\" data-id=\"9d75e38\" data-element_type=\"widget\" data-widget_type=\"heading.default\">\n\t\t\t\t<div class=\"elementor-widget-container\">\n\t\t\t\t\t<h2 class=\"elementor-heading-title elementor-size-default\">Si ets aqu\u00ed \u00e9s perqu\u00e8 ho has enxampat.\n<span style=\"font-weight: normal\">Perqu\u00e8 alguna cosa t'ha fet clic.\nI perqu\u00e8 tu tampoc no vols m\u00e9s del mateix.\n<\/span>\nBenvingut al club.\n<\/h2>\t\t\t\t<\/div>\n\t\t\t\t<\/div>\n\t\t\t\t<div class=\"elementor-element elementor-element-eb66094 elementor-widget elementor-widget-spacer\" data-id=\"eb66094\" data-element_type=\"widget\" data-widget_type=\"spacer.default\">\n\t\t\t\t<div class=\"elementor-widget-container\">\n\t\t\t\t\t\t\t<div class=\"elementor-spacer\">\n\t\t\t<div class=\"elementor-spacer-inner\"><\/div>\n\t\t<\/div>\n\t\t\t\t\t\t<\/div>\n\t\t\t\t<\/div>\n\t\t\t\t<div class=\"elementor-element elementor-element-5bf90f1 elementor-widget elementor-widget-heading\" data-id=\"5bf90f1\" data-element_type=\"widget\" data-settings=\"{&quot;motion_fx_motion_fx_scrolling&quot;:&quot;yes&quot;,&quot;motion_fx_translateX_effect&quot;:&quot;yes&quot;,&quot;motion_fx_translateX_direction&quot;:&quot;negative&quot;,&quot;motion_fx_translateX_speed&quot;:{&quot;unit&quot;:&quot;px&quot;,&quot;size&quot;:4,&quot;sizes&quot;:[]},&quot;motion_fx_translateX_affectedRange&quot;:{&quot;unit&quot;:&quot;%&quot;,&quot;size&quot;:&quot;&quot;,&quot;sizes&quot;:{&quot;start&quot;:0,&quot;end&quot;:100}},&quot;motion_fx_devices&quot;:[&quot;desktop&quot;,&quot;tablet&quot;,&quot;mobile&quot;]}\" data-widget_type=\"heading.default\">\n\t\t\t\t<div class=\"elementor-widget-container\">\n\t\t\t\t\t<h2 class=\"elementor-heading-title elementor-size-default\">Porta-la com si sab\u00e9ssiu el que est\u00e0s fent.<\/h2>\t\t\t\t<\/div>\n\t\t\t\t<\/div>\n\t\t\t\t\t<\/div>\n\t\t\t\t<\/div>\n\t\t\t\t<\/div>","protected":false},"excerpt":{"rendered":"<p>ManifiestoGattnau No somos una marca.Somos una excusa para decir lo que piensas sin tener que abrir la boca. No seguimos tendencias. Las miramos, nos re\u00edmos un poco\u2026 y luego hacemos lo que nos da la gana. Nacimos para bordarlo. Literalmente. Cada gorra que sale de aqu\u00ed lleva un mensaje. No de moda, de actitud. Si [&hellip;]<\/p>","protected":false},"author":1,"featured_media":0,"parent":0,"menu_order":0,"comment_status":"closed","ping_status":"closed","template":"","meta":{"_monsterinsights_skip_tracking":false,"_monsterinsights_sitenote_active":false,"_monsterinsights_sitenote_note":"","_monsterinsights_sitenote_category":0,"_uf_show_specific_survey":0,"_uf_disable_surveys":false,"footnotes":""},"class_list":["post-23365","page","type-page","status-publish","hentry"],"_links":{"self":[{"href":"https:\/\/gattnau.com\/cat\/wp-json\/wp\/v2\/pages\/23365","targetHints":{"allow":["GET"]}}],"collection":[{"href":"https:\/\/gattnau.com\/cat\/wp-json\/wp\/v2\/pages"}],"about":[{"href":"https:\/\/gattnau.com\/cat\/wp-json\/wp\/v2\/types\/page"}],"author":[{"embeddable":true,"href":"https:\/\/gattnau.com\/cat\/wp-json\/wp\/v2\/users\/1"}],"replies":[{"embeddable":true,"href":"https:\/\/gattnau.com\/cat\/wp-json\/wp\/v2\/comments?post=23365"}],"version-history":[{"count":28,"href":"https:\/\/gattnau.com\/cat\/wp-json\/wp\/v2\/pages\/23365\/revisions"}],"predecessor-version":[{"id":24595,"href":"https:\/\/gattnau.com\/cat\/wp-json\/wp\/v2\/pages\/23365\/revisions\/24595"}],"wp:attachment":[{"href":"https:\/\/gattnau.com\/cat\/wp-json\/wp\/v2\/media?parent=23365"}],"curies":[{"name":"wp","href":"https:\/\/api.w.org\/{rel}","templated":true}]}}