{"id":23060,"date":"2024-11-26T10:31:14","date_gmt":"2024-11-26T10:31:14","guid":{"rendered":"https:\/\/gattnau.com\/?page_id=23060"},"modified":"2025-03-16T15:44:56","modified_gmt":"2025-03-16T15:44:56","slug":"como-cambiar-la-cancion","status":"publish","type":"page","link":"https:\/\/gattnau.com\/cat\/como-cambiar-la-cancion\/","title":{"rendered":"C\u00f3mo cambiar la canci\u00f3n"},"content":{"rendered":"<div data-elementor-type=\"wp-page\" data-elementor-id=\"23060\" class=\"elementor elementor-23060\" data-elementor-post-type=\"page\">\n\t\t\t\t<div class=\"elementor-element elementor-element-3be43ee e-flex e-con-boxed e-con e-parent\" data-id=\"3be43ee\" data-element_type=\"container\" data-settings=\"{&quot;background_background&quot;:&quot;classic&quot;}\">\n\t\t\t\t\t<div class=\"e-con-inner\">\n\t\t<div class=\"elementor-element elementor-element-4818319 e-con-full e-flex e-con e-child\" data-id=\"4818319\" data-element_type=\"container\">\n\t\t\t\t<div class=\"elementor-element elementor-element-b32c558 elementor-widget elementor-widget-image\" data-id=\"b32c558\" data-element_type=\"widget\" data-widget_type=\"image.default\">\n\t\t\t\t<div class=\"elementor-widget-container\">\n\t\t\t\t\t\t\t\t\t\t\t\t\t\t\t<img fetchpriority=\"high\" decoding=\"async\" width=\"800\" height=\"800\" src=\"https:\/\/gattnau.com\/wp-content\/uploads\/2024\/10\/Diseno-sin-titulo-2024-10-22T131808.525-1024x1024.png\" class=\"attachment-large size-large wp-image-22798\" alt=\"\" srcset=\"https:\/\/gattnau.com\/wp-content\/uploads\/2024\/10\/Diseno-sin-titulo-2024-10-22T131808.525-1024x1024.png 1024w, https:\/\/gattnau.com\/wp-content\/uploads\/2024\/10\/Diseno-sin-titulo-2024-10-22T131808.525-100x100.png 100w, https:\/\/gattnau.com\/wp-content\/uploads\/2024\/10\/Diseno-sin-titulo-2024-10-22T131808.525-500x500.png 500w, https:\/\/gattnau.com\/wp-content\/uploads\/2024\/10\/Diseno-sin-titulo-2024-10-22T131808.525-300x300.png 300w, https:\/\/gattnau.com\/wp-content\/uploads\/2024\/10\/Diseno-sin-titulo-2024-10-22T131808.525-150x150.png 150w, https:\/\/gattnau.com\/wp-content\/uploads\/2024\/10\/Diseno-sin-titulo-2024-10-22T131808.525-768x768.png 768w, https:\/\/gattnau.com\/wp-content\/uploads\/2024\/10\/Diseno-sin-titulo-2024-10-22T131808.525-32x32.png 32w, https:\/\/gattnau.com\/wp-content\/uploads\/2024\/10\/Diseno-sin-titulo-2024-10-22T131808.525.png 1080w\" sizes=\"(max-width: 800px) 100vw, 800px\" \/>\t\t\t\t\t\t\t\t\t\t\t\t\t\t\t<\/div>\n\t\t\t\t<\/div>\n\t\t\t\t<\/div>\n\t\t<div class=\"elementor-element elementor-element-d409be5 e-con-full e-flex e-con e-child\" data-id=\"d409be5\" data-element_type=\"container\">\n\t\t\t\t<div class=\"elementor-element elementor-element-cf9d355 elementor-icon-list--layout-inline elementor-align-center elementor-list-item-link-full_width elementor-widget elementor-widget-icon-list\" data-id=\"cf9d355\" data-element_type=\"widget\" data-widget_type=\"icon-list.default\">\n\t\t\t\t<div class=\"elementor-widget-container\">\n\t\t\t\t\t\t\t<ul class=\"elementor-icon-list-items elementor-inline-items\">\n\t\t\t\t\t\t\t<li class=\"elementor-icon-list-item elementor-inline-item\">\n\t\t\t\t\t\t\t\t\t\t\t<a href=\"https:\/\/gattnau.com\/cat\/mi-cuenta-2\/\">\n\n\t\t\t\t\t\t\t\t\t\t\t<span class=\"elementor-icon-list-text\">El meu compte<\/span>\n\t\t\t\t\t\t\t\t\t\t\t<\/a>\n\t\t\t\t\t\t\t\t\t<\/li>\n\t\t\t\t\t\t\t\t<li class=\"elementor-icon-list-item elementor-inline-item\">\n\t\t\t\t\t\t\t\t\t\t\t<a href=\"https:\/\/gattnau.com\/cat\/como-cambiar-la-cancion\/\">\n\n\t\t\t\t\t\t\t\t\t\t\t<span class=\"elementor-icon-list-text\">C\u00f3mo cambiar la canci\u00f3n<\/span>\n\t\t\t\t\t\t\t\t\t\t\t<\/a>\n\t\t\t\t\t\t\t\t\t<\/li>\n\t\t\t\t\t\t<\/ul>\n\t\t\t\t\t\t<\/div>\n\t\t\t\t<\/div>\n\t\t\t\t<\/div>\n\t\t<div class=\"elementor-element elementor-element-88aa172 e-con-full e-flex e-con e-child\" data-id=\"88aa172\" data-element_type=\"container\" data-settings=\"{&quot;background_background&quot;:&quot;classic&quot;,&quot;sticky&quot;:&quot;top&quot;,&quot;sticky_on&quot;:[&quot;desktop&quot;,&quot;tablet&quot;,&quot;mobile&quot;],&quot;sticky_offset&quot;:0,&quot;sticky_effects_offset&quot;:0,&quot;sticky_anchor_link_offset&quot;:0}\">\n\t\t\t\t<div class=\"elementor-element elementor-element-7a1b0c7 elementor-widget elementor-widget-wc-add-to-cart\" data-id=\"7a1b0c7\" data-element_type=\"widget\" data-widget_type=\"wc-add-to-cart.default\">\n\t\t\t\t<div class=\"elementor-widget-container\">\n\t\t\t\t\t\t\t\t\t<div class=\"elementor-button-wrapper\">\n\t\t\t\t\t<a rel=\"nofollow\" href=\"https:\/\/gattnau.com\/cat\/producte\/gorra-inteligente\/\" data-quantity=\"1\" data-product_id=\"22895\" class=\"product_type_simple ajax_add_to_cart elementor-button elementor-size-sm\" role=\"button\">\n\t\t\t\t\t\t<span class=\"elementor-button-content-wrapper\">\n\t\t\t\t\t\t<span class=\"elementor-button-icon\">\n\t\t\t\t<i aria-hidden=\"true\" class=\"fas fa-shopping-cart\"><\/i>\t\t\t<\/span>\n\t\t\t\t\t\t\t\t\t<span class=\"elementor-button-text\">Comprar ahora | 40\u20ac<\/span>\n\t\t\t\t\t<\/span>\n\t\t\t\t\t<\/a>\n\t\t\t\t<\/div>\n\t\t\t\t\t\t\t\t<\/div>\n\t\t\t\t<\/div>\n\t\t\t\t<\/div>\n\t\t\t\t\t<\/div>\n\t\t\t\t<\/div>\n\t\t<div class=\"elementor-element elementor-element-4855d97 e-flex e-con-boxed e-con e-parent\" data-id=\"4855d97\" data-element_type=\"container\" data-settings=\"{&quot;background_background&quot;:&quot;classic&quot;}\">\n\t\t\t\t\t<div class=\"e-con-inner\">\n\t\t\t\t<div class=\"elementor-element elementor-element-be2e66b elementor-widget elementor-widget-heading\" data-id=\"be2e66b\" data-element_type=\"widget\" data-widget_type=\"heading.default\">\n\t\t\t\t<div class=\"elementor-widget-container\">\n\t\t\t\t\t<h2 class=\"elementor-heading-title elementor-size-default\">Com canviar la teva can\u00e7\u00f3<\/h2>\t\t\t\t<\/div>\n\t\t\t\t<\/div>\n\t\t\t\t\t<\/div>\n\t\t\t\t<\/div>\n\t\t<div class=\"elementor-element elementor-element-42417749 e-con-full e-flex e-con e-parent\" data-id=\"42417749\" data-element_type=\"container\" data-settings=\"{&quot;background_background&quot;:&quot;classic&quot;}\">\n\t\t<div class=\"elementor-element elementor-element-5cc7928e e-con-full e-flex e-con e-child\" data-id=\"5cc7928e\" data-element_type=\"container\">\n\t\t\t\t<div class=\"elementor-element elementor-element-7b93a40f elementor-widget__width-initial elementor-widget-mobile__width-inherit elementor-widget elementor-widget-heading\" data-id=\"7b93a40f\" data-element_type=\"widget\" data-widget_type=\"heading.default\">\n\t\t\t\t<div class=\"elementor-widget-container\">\n\t\t\t\t\t<h3 class=\"elementor-heading-title elementor-size-default\">Entra al teu compte<\/h3>\t\t\t\t<\/div>\n\t\t\t\t<\/div>\n\t\t\t\t<div class=\"elementor-element elementor-element-6ba01834 elementor-widget__width-initial elementor-widget-mobile__width-inherit elementor-widget elementor-widget-text-editor\" data-id=\"6ba01834\" data-element_type=\"widget\" data-widget_type=\"text-editor.default\">\n\t\t\t\t<div class=\"elementor-widget-container\">\n\t\t\t\t\t\t\t\t\t<p>Un cop has comprat una gorra se t'ha creat un usuari i una contrassenya. En cas que no t'hagi arribat la contrasenya pots accedir a la zona de <b>EL MEU COMPTE.<\/b> Aqu\u00ed veureu una opci\u00f3 que us permet restablir la contrasenya. T'arribar\u00e0 a l'email. Un cop t'arribi, accedeix al teu compte.<\/p>\t\t\t\t\t\t\t\t<\/div>\n\t\t\t\t<\/div>\n\t\t\t\t<\/div>\n\t\t<div class=\"elementor-element elementor-element-4b9f7b8 e-con-full e-flex e-con e-child\" data-id=\"4b9f7b8\" data-element_type=\"container\">\n\t\t\t\t<div class=\"elementor-element elementor-element-690ea823 elementor-widget__width-initial elementor-widget-mobile__width-inherit elementor-widget elementor-widget-heading\" data-id=\"690ea823\" data-element_type=\"widget\" data-widget_type=\"heading.default\">\n\t\t\t\t<div class=\"elementor-widget-container\">\n\t\t\t\t\t<h3 class=\"elementor-heading-title elementor-size-default\">Okey! Ja estic al meu compte<\/h3>\t\t\t\t<\/div>\n\t\t\t\t<\/div>\n\t\t\t\t<div class=\"elementor-element elementor-element-488c96b6 elementor-widget__width-initial elementor-widget-mobile__width-inherit elementor-widget elementor-widget-text-editor\" data-id=\"488c96b6\" data-element_type=\"widget\" data-widget_type=\"text-editor.default\">\n\t\t\t\t<div class=\"elementor-widget-container\">\n\t\t\t\t\t\t\t\t\t<p>Si has comprat una o diverses gorres intel\u00b7ligents t'apareixer\u00e0 una taula al final del teu dashboard amb la can\u00e7\u00f3 i el nom que vas posar. Aix\u00ed:<\/p>\t\t\t\t\t\t\t\t<\/div>\n\t\t\t\t<\/div>\n\t\t\t\t<\/div>\n\t\t<div class=\"elementor-element elementor-element-7cd13b0c e-con-full e-flex e-con e-child\" data-id=\"7cd13b0c\" data-element_type=\"container\">\n\t\t\t\t<div class=\"elementor-element elementor-element-99206d5 elementor-widget elementor-widget-image\" data-id=\"99206d5\" data-element_type=\"widget\" data-widget_type=\"image.default\">\n\t\t\t\t<div class=\"elementor-widget-container\">\n\t\t\t\t\t\t\t\t\t\t\t\t\t\t\t<img decoding=\"async\" width=\"800\" height=\"559\" src=\"https:\/\/gattnau.com\/wp-content\/uploads\/2024\/11\/Captura-de-Pantalla-2024-11-26-a-las-12.39.24-1024x715.png\" class=\"attachment-large size-large wp-image-23107\" alt=\"\" srcset=\"https:\/\/gattnau.com\/wp-content\/uploads\/2024\/11\/Captura-de-Pantalla-2024-11-26-a-las-12.39.24-1024x715.png 1024w, https:\/\/gattnau.com\/wp-content\/uploads\/2024\/11\/Captura-de-Pantalla-2024-11-26-a-las-12.39.24-500x349.png 500w, https:\/\/gattnau.com\/wp-content\/uploads\/2024\/11\/Captura-de-Pantalla-2024-11-26-a-las-12.39.24-300x209.png 300w, https:\/\/gattnau.com\/wp-content\/uploads\/2024\/11\/Captura-de-Pantalla-2024-11-26-a-las-12.39.24-768x536.png 768w, https:\/\/gattnau.com\/wp-content\/uploads\/2024\/11\/Captura-de-Pantalla-2024-11-26-a-las-12.39.24-1536x1072.png 1536w, https:\/\/gattnau.com\/wp-content\/uploads\/2024\/11\/Captura-de-Pantalla-2024-11-26-a-las-12.39.24-2048x1429.png 2048w\" sizes=\"(max-width: 800px) 100vw, 800px\" \/>\t\t\t\t\t\t\t\t\t\t\t\t\t\t\t<\/div>\n\t\t\t\t<\/div>\n\t\t\t\t<\/div>\n\t\t<div class=\"elementor-element elementor-element-e4c2533 e-con-full e-flex e-con e-child\" data-id=\"e4c2533\" data-element_type=\"container\">\n\t\t\t\t<div class=\"elementor-element elementor-element-027c6a9 elementor-widget__width-initial elementor-widget-mobile__width-inherit elementor-widget elementor-widget-heading\" data-id=\"027c6a9\" data-element_type=\"widget\" data-widget_type=\"heading.default\">\n\t\t\t\t<div class=\"elementor-widget-container\">\n\t\t\t\t\t<h3 class=\"elementor-heading-title elementor-size-default\">Clica el bot\u00f3 de canviar can\u00e7\u00f3<\/h3>\t\t\t\t<\/div>\n\t\t\t\t<\/div>\n\t\t\t\t<div class=\"elementor-element elementor-element-2b15439 elementor-widget__width-initial elementor-widget-mobile__width-inherit elementor-widget elementor-widget-text-editor\" data-id=\"2b15439\" data-element_type=\"widget\" data-widget_type=\"text-editor.default\">\n\t\t\t\t<div class=\"elementor-widget-container\">\n\t\t\t\t\t\t\t\t\t<p>En pr\u00e9mer el bot\u00f3 de canviar can\u00e7\u00f3 se us obrir\u00e0 una opci\u00f3 per afegir un nou URL. Afegeix-ho i d\u00f3na-li a <b>GUARDAR<\/b> <b>CAN\u00c7\u00d3<\/b>.<\/p>\t\t\t\t\t\t\t\t<\/div>\n\t\t\t\t<\/div>\n\t\t\t\t<\/div>\n\t\t<div class=\"elementor-element elementor-element-6c3e40c e-con-full e-flex e-con e-child\" data-id=\"6c3e40c\" data-element_type=\"container\">\n\t\t\t\t<div class=\"elementor-element elementor-element-cc876f0 elementor-widget elementor-widget-image\" data-id=\"cc876f0\" data-element_type=\"widget\" data-widget_type=\"image.default\">\n\t\t\t\t<div class=\"elementor-widget-container\">\n\t\t\t\t\t\t\t\t\t\t\t\t\t\t\t<img decoding=\"async\" width=\"800\" height=\"255\" src=\"https:\/\/gattnau.com\/wp-content\/uploads\/2024\/11\/Captura-de-Pantalla-2024-11-26-a-las-12.39.45-1024x326.png\" class=\"attachment-large size-large wp-image-23109\" alt=\"\" srcset=\"https:\/\/gattnau.com\/wp-content\/uploads\/2024\/11\/Captura-de-Pantalla-2024-11-26-a-las-12.39.45-1024x326.png 1024w, https:\/\/gattnau.com\/wp-content\/uploads\/2024\/11\/Captura-de-Pantalla-2024-11-26-a-las-12.39.45-500x159.png 500w, https:\/\/gattnau.com\/wp-content\/uploads\/2024\/11\/Captura-de-Pantalla-2024-11-26-a-las-12.39.45-300x95.png 300w, https:\/\/gattnau.com\/wp-content\/uploads\/2024\/11\/Captura-de-Pantalla-2024-11-26-a-las-12.39.45-768x244.png 768w, https:\/\/gattnau.com\/wp-content\/uploads\/2024\/11\/Captura-de-Pantalla-2024-11-26-a-las-12.39.45-1536x489.png 1536w, https:\/\/gattnau.com\/wp-content\/uploads\/2024\/11\/Captura-de-Pantalla-2024-11-26-a-las-12.39.45-2048x652.png 2048w\" sizes=\"(max-width: 800px) 100vw, 800px\" \/>\t\t\t\t\t\t\t\t\t\t\t\t\t\t\t<\/div>\n\t\t\t\t<\/div>\n\t\t\t\t<\/div>\n\t\t<div class=\"elementor-element elementor-element-ae732d4 e-con-full e-flex e-con e-child\" data-id=\"ae732d4\" data-element_type=\"container\">\n\t\t\t\t<div class=\"elementor-element elementor-element-031648e elementor-widget__width-initial elementor-widget-mobile__width-inherit elementor-widget elementor-widget-heading\" data-id=\"031648e\" data-element_type=\"widget\" data-widget_type=\"heading.default\">\n\t\t\t\t<div class=\"elementor-widget-container\">\n\t\t\t\t\t<h3 class=\"elementor-heading-title elementor-size-default\">LLEST!<\/h3>\t\t\t\t<\/div>\n\t\t\t\t<\/div>\n\t\t\t\t<div class=\"elementor-element elementor-element-e48da49 elementor-widget__width-initial elementor-widget-mobile__width-inherit elementor-widget elementor-widget-text-editor\" data-id=\"e48da49\" data-element_type=\"widget\" data-widget_type=\"text-editor.default\">\n\t\t\t\t<div class=\"elementor-widget-container\">\n\t\t\t\t\t\t\t\t\t<p>Quan alg\u00fa passi el tel\u00e8fon intel\u00b7ligent per sobre de l'etiqueta de la teva gorra el <b>enlla\u00e7<\/b> <b>s'hi<\/b> <b>haur\u00e0<\/b> <b>canviat<\/b>. A gaudir!<\/p>\t\t\t\t\t\t\t\t<\/div>\n\t\t\t\t<\/div>\n\t\t\t\t<\/div>\n\t\t\t\t<\/div>\n\t\t\t\t<\/div>","protected":false},"excerpt":{"rendered":"<p>Mi cuenta C\u00f3mo cambiar la canci\u00f3n Comprar ahora | 40\u20ac C\u00f3mo cambiar tu canci\u00f3n Entra en tu cuenta Una vez has comprado una gorra se te ha creado un usuario y una constrase\u00f1a. En el caso de que no te haya llegado tu contrase\u00f1a puedes acceder a la zona de MI CUENTA. Ah\u00ed ver\u00e1s una [&hellip;]<\/p>","protected":false},"author":1,"featured_media":0,"parent":0,"menu_order":0,"comment_status":"closed","ping_status":"closed","template":"","meta":{"_monsterinsights_skip_tracking":false,"_monsterinsights_sitenote_active":false,"_monsterinsights_sitenote_note":"","_monsterinsights_sitenote_category":0,"_uf_show_specific_survey":0,"_uf_disable_surveys":false,"footnotes":""},"class_list":["post-23060","page","type-page","status-publish","hentry"],"_links":{"self":[{"href":"https:\/\/gattnau.com\/cat\/wp-json\/wp\/v2\/pages\/23060","targetHints":{"allow":["GET"]}}],"collection":[{"href":"https:\/\/gattnau.com\/cat\/wp-json\/wp\/v2\/pages"}],"about":[{"href":"https:\/\/gattnau.com\/cat\/wp-json\/wp\/v2\/types\/page"}],"author":[{"embeddable":true,"href":"https:\/\/gattnau.com\/cat\/wp-json\/wp\/v2\/users\/1"}],"replies":[{"embeddable":true,"href":"https:\/\/gattnau.com\/cat\/wp-json\/wp\/v2\/comments?post=23060"}],"version-history":[{"count":7,"href":"https:\/\/gattnau.com\/cat\/wp-json\/wp\/v2\/pages\/23060\/revisions"}],"predecessor-version":[{"id":24153,"href":"https:\/\/gattnau.com\/cat\/wp-json\/wp\/v2\/pages\/23060\/revisions\/24153"}],"wp:attachment":[{"href":"https:\/\/gattnau.com\/cat\/wp-json\/wp\/v2\/media?parent=23060"}],"curies":[{"name":"wp","href":"https:\/\/api.w.org\/{rel}","templated":true}]}}